{"id":6399,"date":"2020-07-31T20:29:02","date_gmt":"2020-07-31T23:29:02","guid":{"rendered":"https:\/\/cuple.com.ar\/ipna\/?page_id=6399"},"modified":"2020-09-28T16:31:57","modified_gmt":"2020-09-28T19:31:57","slug":"cobertura-de-salud","status":"publish","type":"page","link":"https:\/\/cuple.com.ar\/ipna\/cobertura-de-salud\/","title":{"rendered":"Cobertura de Salud"},"content":{"rendered":"\t\t<div data-elementor-type=\"wp-page\" data-elementor-id=\"6399\" class=\"elementor elementor-6399\" data-elementor-settings=\"[]\">\n\t\t\t\t\t\t<div class=\"elementor-inner\">\n\t\t\t\t\t\t\t<div class=\"elementor-section-wrap\">\n\t\t\t\t\t\t\t<section data-particle_enable=\"false\" data-particle-mobile-disabled=\"false\" class=\"elementor-section elementor-top-section elementor-element elementor-element-26d4a23 elementor-section-boxed elementor-section-height-default elementor-section-height-default\" data-id=\"26d4a23\" data-element_type=\"section\">\n\t\t\t\t\t\t<div class=\"elementor-container elementor-column-gap-wider\">\n\t\t\t\t\t\t\t<div class=\"elementor-row\">\n\t\t\t\t\t<div class=\"elementor-column elementor-col-50 elementor-top-column elementor-element elementor-element-6536075\" data-id=\"6536075\" data-element_type=\"column\">\n\t\t\t<div class=\"elementor-column-wrap elementor-element-populated\">\n\t\t\t\t\t\t\t<div class=\"elementor-widget-wrap\">\n\t\t\t\t\t\t<div class=\"elementor-element-custom_font_family elementor-element-custom_font_weight elementor-element elementor-element-c50e748 elementor-widget elementor-widget-text-editor\" data-id=\"c50e748\" data-element_type=\"widget\" data-widget_type=\"text-editor.default\">\n\t\t\t\t<div class=\"elementor-widget-container\">\n\t\t\t\t\t<div class=\"elementor-text-editor elementor-clearfix\">El sistema de salud p\u00fablico argentino asegura la cobertura total para las personas con discapacidad, que puede ser brindada a trav\u00e9s de las <b>Obras Sociales<\/b>, las <b>Empresas de Medicina Prepaga<\/b> o los <b>Programas de Salud del Estado<\/b>.<\/div>\n\t\t\t\t<\/div>\n\t\t\t\t<\/div>\n\t\t\t\t<div class=\"elementor-element elementor-element-f8a6fb6 elementor-widget elementor-widget-accordion\" data-id=\"f8a6fb6\" data-element_type=\"widget\" data-widget_type=\"accordion.default\">\n\t\t\t\t<div class=\"elementor-widget-container\">\n\t\t\t\t\t<div class=\"elementor-accordion\" role=\"tablist\">\n\t\t\t\t\t\t\t<div class=\"elementor-accordion-item\">\n\t\t\t\t\t<div id=\"elementor-tab-title-2601\" class=\"elementor-tab-title\" data-tab=\"1\" role=\"tab\" aria-controls=\"elementor-tab-content-2601\">\n\t\t\t\t\t\t\t\t\t\t\t\t\t<span class=\"elementor-accordion-icon elementor-accordion-icon-left\" aria-hidden=\"true\">\n\t\t\t\t\t\t\t\t\t\t\t\t\t\t\t<span class=\"elementor-accordion-icon-closed\"><i class=\"far fa-circle\"><\/i><\/span>\n\t\t\t\t\t\t\t\t<span class=\"elementor-accordion-icon-opened\"><i class=\"far fa-dot-circle\"><\/i><\/span>\n\t\t\t\t\t\t\t\t\t\t\t\t\t\t<\/span>\n\t\t\t\t\t\t\t\t\t\t\t\t<a class=\"elementor-accordion-title\" href=\"\">Obras Sociales y Empresas de Medicina Prepaga<\/a>\n\t\t\t\t\t<\/div>\n\t\t\t\t\t<div id=\"elementor-tab-content-2601\" class=\"elementor-tab-content elementor-clearfix\" data-tab=\"1\" role=\"tabpanel\" aria-labelledby=\"elementor-tab-title-2601\"><p>Estos sistemas deben ofrecer atenci\u00f3n m\u00e9dica, realizar estudios y asegurar tratamientos ante la presentaci\u00f3n del CUD del afiliado que garantiza la cobertura total de las prestaciones espec\u00edficas por discapacidad.<\/p><p>Para informaci\u00f3n y consultas hay que dirigirse a las \u00e1reas de discapacidad de las Obras Sociales o de las Empresas de Medicina Prepagas correspondientes.<span><\/span><\/p><\/div>\n\t\t\t\t<\/div>\n\t\t\t\t\t\t\t<div class=\"elementor-accordion-item\">\n\t\t\t\t\t<div id=\"elementor-tab-title-2602\" class=\"elementor-tab-title\" data-tab=\"2\" role=\"tab\" aria-controls=\"elementor-tab-content-2602\">\n\t\t\t\t\t\t\t\t\t\t\t\t\t<span class=\"elementor-accordion-icon elementor-accordion-icon-left\" aria-hidden=\"true\">\n\t\t\t\t\t\t\t\t\t\t\t\t\t\t\t<span class=\"elementor-accordion-icon-closed\"><i class=\"far fa-circle\"><\/i><\/span>\n\t\t\t\t\t\t\t\t<span class=\"elementor-accordion-icon-opened\"><i class=\"far fa-dot-circle\"><\/i><\/span>\n\t\t\t\t\t\t\t\t\t\t\t\t\t\t<\/span>\n\t\t\t\t\t\t\t\t\t\t\t\t<a class=\"elementor-accordion-title\" href=\"\">INCLUIR SALUD (Ex PROFE)<\/a>\n\t\t\t\t\t<\/div>\n\t\t\t\t\t<div id=\"elementor-tab-content-2602\" class=\"elementor-tab-content elementor-clearfix\" data-tab=\"2\" role=\"tabpanel\" aria-labelledby=\"elementor-tab-title-2602\"><p>Es el Programa Federal de Salud del Ministerio de Salud de la Naci\u00f3n que brinda cobertura m\u00e9dica integral a los titulares de Pensiones No Contributivas. Luego de obtener esta pensi\u00f3n, la afiliaci\u00f3n del titular al PROFE es autom\u00e1tica.<\/p><p><strong>Informaci\u00f3n y consultas gratuitas:<\/strong> 0800 333 7763<\/p><\/div>\n\t\t\t\t<\/div>\n\t\t\t\t\t<\/div>\n\t\t\t\t<\/div>\n\t\t\t\t<\/div>\n\t\t\t\t\t\t<\/div>\n\t\t\t\t\t<\/div>\n\t\t<\/div>\n\t\t\t\t<div class=\"elementor-column elementor-col-50 elementor-top-column elementor-element elementor-element-25b9951\" data-id=\"25b9951\" data-element_type=\"column\">\n\t\t\t<div class=\"elementor-column-wrap elementor-element-populated\">\n\t\t\t\t\t\t\t<div class=\"elementor-widget-wrap\">\n\t\t\t\t\t\t<div class=\"elementor-element elementor-element-75c1258 elementor-aspect-ratio-169 elementor-widget elementor-widget-video\" data-id=\"75c1258\" data-element_type=\"widget\" data-settings=\"{&quot;aspect_ratio&quot;:&quot;169&quot;}\" data-widget_type=\"video.default\">\n\t\t\t\t<div class=\"elementor-widget-container\">\n\t\t\t\t\t<div class=\"elementor-wrapper elementor-fit-aspect-ratio elementor-open-inline\">\n\t\t\t<iframe class=\"elementor-video-iframe\" allowfullscreen title=\"Reproductor de v\u00eddeo youtube\" src=\"https:\/\/www.youtube.com\/embed\/2lzm4cbemDc?feature=oembed&start&end&wmode=opaque&loop=0&controls=1&mute=0&rel=0&modestbranding=0\"><\/iframe>\t\t<\/div>\n\t\t\t\t<\/div>\n\t\t\t\t<\/div>\n\t\t\t\t\t\t<\/div>\n\t\t\t\t\t<\/div>\n\t\t<\/div>\n\t\t\t\t\t\t\t\t<\/div>\n\t\t\t\t\t<\/div>\n\t\t<\/section>\n\t\t\t\t\t\t<\/div>\n\t\t\t\t\t\t<\/div>\n\t\t\t\t\t<\/div>\n\t\t","protected":false},"excerpt":{"rendered":"<p>El sistema de salud p\u00fablico argentino asegura la cobertura total para las personas con discapacidad, que puede ser brindada a trav\u00e9s de las Obras Sociales, las Empresas de Medicina Prepaga o los Programas de Salud del Estado. Obras Sociales y Empresas de Medicina Prepaga Estos sistemas deben ofrecer atenci\u00f3n m\u00e9dica, realizar estudios y asegurar tratamientos [&hellip;]<\/p>\n","protected":false},"author":1,"featured_media":0,"parent":0,"menu_order":0,"comment_status":"closed","ping_status":"closed","template":"","meta":[],"_links":{"self":[{"href":"https:\/\/cuple.com.ar\/ipna\/wp-json\/wp\/v2\/pages\/6399"}],"collection":[{"href":"https:\/\/cuple.com.ar\/ipna\/wp-json\/wp\/v2\/pages"}],"about":[{"href":"https:\/\/cuple.com.ar\/ipna\/wp-json\/wp\/v2\/types\/page"}],"author":[{"embeddable":true,"href":"https:\/\/cuple.com.ar\/ipna\/wp-json\/wp\/v2\/users\/1"}],"replies":[{"embeddable":true,"href":"https:\/\/cuple.com.ar\/ipna\/wp-json\/wp\/v2\/comments?post=6399"}],"version-history":[{"count":8,"href":"https:\/\/cuple.com.ar\/ipna\/wp-json\/wp\/v2\/pages\/6399\/revisions"}],"predecessor-version":[{"id":7167,"href":"https:\/\/cuple.com.ar\/ipna\/wp-json\/wp\/v2\/pages\/6399\/revisions\/7167"}],"wp:attachment":[{"href":"https:\/\/cuple.com.ar\/ipna\/wp-json\/wp\/v2\/media?parent=6399"}],"curies":[{"name":"wp","href":"https:\/\/api.w.org\/{rel}","templated":true}]}}