{"id":6309,"date":"2020-07-31T15:17:41","date_gmt":"2020-07-31T18:17:41","guid":{"rendered":"https:\/\/cuple.com.ar\/ipna\/?page_id=6309"},"modified":"2020-09-28T16:21:34","modified_gmt":"2020-09-28T19:21:34","slug":"centro-educativo-terapeutico","status":"publish","type":"page","link":"https:\/\/cuple.com.ar\/ipna\/centro-educativo-terapeutico\/","title":{"rendered":"Centro Educativo Terap\u00e9utico"},"content":{"rendered":"\t\t<div data-elementor-type=\"wp-page\" data-elementor-id=\"6309\" class=\"elementor elementor-6309\" data-elementor-settings=\"[]\">\n\t\t\t\t\t\t<div class=\"elementor-inner\">\n\t\t\t\t\t\t\t<div class=\"elementor-section-wrap\">\n\t\t\t\t\t\t\t<section data-particle_enable=\"false\" data-particle-mobile-disabled=\"false\" class=\"elementor-section elementor-top-section elementor-element elementor-element-0ff21c8 elementor-section-boxed elementor-section-height-default elementor-section-height-default\" data-id=\"0ff21c8\" data-element_type=\"section\">\n\t\t\t\t\t\t<div class=\"elementor-container elementor-column-gap-wider\">\n\t\t\t\t\t\t\t<div class=\"elementor-row\">\n\t\t\t\t\t<div class=\"elementor-column elementor-col-50 elementor-top-column elementor-element elementor-element-476d2e3\" data-id=\"476d2e3\" data-element_type=\"column\">\n\t\t\t<div class=\"elementor-column-wrap elementor-element-populated\">\n\t\t\t\t\t\t\t<div class=\"elementor-widget-wrap\">\n\t\t\t\t\t\t<div class=\"elementor-element elementor-element-1a642ea elementor-widget elementor-widget-text-editor\" data-id=\"1a642ea\" data-element_type=\"widget\" data-widget_type=\"text-editor.default\">\n\t\t\t\t<div class=\"elementor-widget-container\">\n\t\t\t\t\t<div class=\"elementor-text-editor elementor-clearfix\"><p>El <strong>Centro Educativo Terap\u00e9utico<\/strong> funciona de lunes a viernes de 8:30 a 16:30 horas y cuenta con instalaciones totalmente equipadas y adaptadas a las necesidades e intereses de los concurrentes.<\/p><p>El equipo profesional y docente dise\u00f1a e implementa un proyecto con actividades educativas, terap\u00e9uticas y recreativas. Se propone un aprendizaje significativo que promueve la vinculaci\u00f3n entre pares, con las familias y con la comunidad.<\/p><\/div>\n\t\t\t\t<\/div>\n\t\t\t\t<\/div>\n\t\t\t\t<section data-particle_enable=\"false\" data-particle-mobile-disabled=\"false\" class=\"elementor-section elementor-inner-section elementor-element elementor-element-6078eb3 elementor-section-boxed elementor-section-height-default elementor-section-height-default\" data-id=\"6078eb3\" data-element_type=\"section\">\n\t\t\t\t\t\t<div class=\"elementor-container elementor-column-gap-default\">\n\t\t\t\t\t\t\t<div class=\"elementor-row\">\n\t\t\t\t\t<div class=\"elementor-column elementor-col-33 elementor-inner-column elementor-element elementor-element-5408ae5\" data-id=\"5408ae5\" data-element_type=\"column\">\n\t\t\t<div class=\"elementor-column-wrap elementor-element-populated\">\n\t\t\t\t\t\t\t<div class=\"elementor-widget-wrap\">\n\t\t\t\t\t\t<div class=\"elementor-element elementor-element-2de1568 elementor-widget elementor-widget-image\" data-id=\"2de1568\" data-element_type=\"widget\" data-widget_type=\"image.default\">\n\t\t\t\t<div class=\"elementor-widget-container\">\n\t\t\t\t\t<div class=\"elementor-image\">\n\t\t\t\t\t\t\t\t\t\t\t<a href=\"https:\/\/cuple.com.ar\/ipna\/wp-content\/uploads\/2020\/07\/fotocet.jpg\" data-elementor-open-lightbox=\"yes\">\n\t\t\t\t\t\t\t<img width=\"768\" height=\"576\" src=\"https:\/\/cuple.com.ar\/ipna\/wp-content\/uploads\/2020\/07\/fotocet-768x576.jpg\" class=\"elementor-animation-bob attachment-medium_large size-medium_large\" alt=\"\" loading=\"lazy\" srcset=\"https:\/\/cuple.com.ar\/ipna\/wp-content\/uploads\/2020\/07\/fotocet-768x576.jpg 768w, https:\/\/cuple.com.ar\/ipna\/wp-content\/uploads\/2020\/07\/fotocet-300x225.jpg 300w, https:\/\/cuple.com.ar\/ipna\/wp-content\/uploads\/2020\/07\/fotocet-480x360.jpg 480w, https:\/\/cuple.com.ar\/ipna\/wp-content\/uploads\/2020\/07\/fotocet.jpg 900w\" sizes=\"(max-width: 768px) 100vw, 768px\" title=\"\" \/>\t\t\t\t\t\t\t\t<\/a>\n\t\t\t\t\t\t\t\t\t\t\t<\/div>\n\t\t\t\t<\/div>\n\t\t\t\t<\/div>\n\t\t\t\t\t\t<\/div>\n\t\t\t\t\t<\/div>\n\t\t<\/div>\n\t\t\t\t<div class=\"elementor-column elementor-col-33 elementor-inner-column elementor-element elementor-element-b920f26\" data-id=\"b920f26\" data-element_type=\"column\">\n\t\t\t<div class=\"elementor-column-wrap elementor-element-populated\">\n\t\t\t\t\t\t\t<div class=\"elementor-widget-wrap\">\n\t\t\t\t\t\t<div class=\"elementor-element elementor-element-433d03d elementor-widget elementor-widget-image\" data-id=\"433d03d\" data-element_type=\"widget\" data-widget_type=\"image.default\">\n\t\t\t\t<div class=\"elementor-widget-container\">\n\t\t\t\t\t<div class=\"elementor-image\">\n\t\t\t\t\t\t\t\t\t\t\t<a href=\"https:\/\/cuple.com.ar\/ipna\/wp-content\/uploads\/2020\/08\/cet1.jpg\" data-elementor-open-lightbox=\"yes\">\n\t\t\t\t\t\t\t<img width=\"768\" height=\"576\" src=\"https:\/\/cuple.com.ar\/ipna\/wp-content\/uploads\/2020\/08\/cet1-768x576.jpg\" class=\"elementor-animation-bob attachment-medium_large size-medium_large\" alt=\"\" loading=\"lazy\" srcset=\"https:\/\/cuple.com.ar\/ipna\/wp-content\/uploads\/2020\/08\/cet1-768x576.jpg 768w, https:\/\/cuple.com.ar\/ipna\/wp-content\/uploads\/2020\/08\/cet1-300x225.jpg 300w, https:\/\/cuple.com.ar\/ipna\/wp-content\/uploads\/2020\/08\/cet1-480x360.jpg 480w, https:\/\/cuple.com.ar\/ipna\/wp-content\/uploads\/2020\/08\/cet1.jpg 900w\" sizes=\"(max-width: 768px) 100vw, 768px\" title=\"\" \/>\t\t\t\t\t\t\t\t<\/a>\n\t\t\t\t\t\t\t\t\t\t\t<\/div>\n\t\t\t\t<\/div>\n\t\t\t\t<\/div>\n\t\t\t\t\t\t<\/div>\n\t\t\t\t\t<\/div>\n\t\t<\/div>\n\t\t\t\t<div class=\"elementor-column elementor-col-33 elementor-inner-column elementor-element elementor-element-ab87f33\" data-id=\"ab87f33\" data-element_type=\"column\">\n\t\t\t<div class=\"elementor-column-wrap elementor-element-populated\">\n\t\t\t\t\t\t\t<div class=\"elementor-widget-wrap\">\n\t\t\t\t\t\t<div class=\"elementor-element elementor-element-e0fb210 elementor-widget elementor-widget-image\" data-id=\"e0fb210\" data-element_type=\"widget\" data-widget_type=\"image.default\">\n\t\t\t\t<div class=\"elementor-widget-container\">\n\t\t\t\t\t<div class=\"elementor-image\">\n\t\t\t\t\t\t\t\t\t\t\t<a href=\"https:\/\/cuple.com.ar\/ipna\/wp-content\/uploads\/2020\/07\/fotocet2.jpg\" data-elementor-open-lightbox=\"yes\">\n\t\t\t\t\t\t\t<img width=\"768\" height=\"576\" src=\"https:\/\/cuple.com.ar\/ipna\/wp-content\/uploads\/2020\/07\/fotocet2-768x576.jpg\" class=\"elementor-animation-bob attachment-medium_large size-medium_large\" alt=\"\" loading=\"lazy\" srcset=\"https:\/\/cuple.com.ar\/ipna\/wp-content\/uploads\/2020\/07\/fotocet2-768x576.jpg 768w, https:\/\/cuple.com.ar\/ipna\/wp-content\/uploads\/2020\/07\/fotocet2-300x225.jpg 300w, https:\/\/cuple.com.ar\/ipna\/wp-content\/uploads\/2020\/07\/fotocet2-480x360.jpg 480w, https:\/\/cuple.com.ar\/ipna\/wp-content\/uploads\/2020\/07\/fotocet2.jpg 900w\" sizes=\"(max-width: 768px) 100vw, 768px\" title=\"\" \/>\t\t\t\t\t\t\t\t<\/a>\n\t\t\t\t\t\t\t\t\t\t\t<\/div>\n\t\t\t\t<\/div>\n\t\t\t\t<\/div>\n\t\t\t\t\t\t<\/div>\n\t\t\t\t\t<\/div>\n\t\t<\/div>\n\t\t\t\t\t\t\t\t<\/div>\n\t\t\t\t\t<\/div>\n\t\t<\/section>\n\t\t\t\t\t\t<\/div>\n\t\t\t\t\t<\/div>\n\t\t<\/div>\n\t\t\t\t<div class=\"elementor-column elementor-col-50 elementor-top-column elementor-element elementor-element-dfdebf5\" data-id=\"dfdebf5\" data-element_type=\"column\">\n\t\t\t<div class=\"elementor-column-wrap elementor-element-populated\">\n\t\t\t\t\t\t\t<div class=\"elementor-widget-wrap\">\n\t\t\t\t\t\t<div class=\"elementor-element elementor-element-f31dcff elementor-aspect-ratio-169 elementor-widget elementor-widget-video\" data-id=\"f31dcff\" data-element_type=\"widget\" data-settings=\"{&quot;aspect_ratio&quot;:&quot;169&quot;}\" data-widget_type=\"video.default\">\n\t\t\t\t<div class=\"elementor-widget-container\">\n\t\t\t\t\t<div class=\"elementor-wrapper elementor-fit-aspect-ratio elementor-open-inline\">\n\t\t\t<iframe class=\"elementor-video-iframe\" allowfullscreen title=\"Reproductor de v\u00eddeo youtube\" src=\"https:\/\/www.youtube.com\/embed\/2lzm4cbemDc?feature=oembed&start&end&wmode=opaque&loop=0&controls=1&mute=0&rel=0&modestbranding=0\"><\/iframe>\t\t<\/div>\n\t\t\t\t<\/div>\n\t\t\t\t<\/div>\n\t\t\t\t\t\t<\/div>\n\t\t\t\t\t<\/div>\n\t\t<\/div>\n\t\t\t\t\t\t\t\t<\/div>\n\t\t\t\t\t<\/div>\n\t\t<\/section>\n\t\t\t\t\t\t<\/div>\n\t\t\t\t\t\t<\/div>\n\t\t\t\t\t<\/div>\n\t\t","protected":false},"excerpt":{"rendered":"<p>El Centro Educativo Terap\u00e9utico funciona de lunes a viernes de 8:30 a 16:30 horas y cuenta con instalaciones totalmente equipadas y adaptadas a las necesidades e intereses de los concurrentes. El equipo profesional y docente dise\u00f1a e implementa un proyecto con actividades educativas, terap\u00e9uticas y recreativas. Se propone un aprendizaje significativo que promueve la vinculaci\u00f3n [&hellip;]<\/p>\n","protected":false},"author":1,"featured_media":0,"parent":0,"menu_order":0,"comment_status":"closed","ping_status":"closed","template":"","meta":[],"_links":{"self":[{"href":"https:\/\/cuple.com.ar\/ipna\/wp-json\/wp\/v2\/pages\/6309"}],"collection":[{"href":"https:\/\/cuple.com.ar\/ipna\/wp-json\/wp\/v2\/pages"}],"about":[{"href":"https:\/\/cuple.com.ar\/ipna\/wp-json\/wp\/v2\/types\/page"}],"author":[{"embeddable":true,"href":"https:\/\/cuple.com.ar\/ipna\/wp-json\/wp\/v2\/users\/1"}],"replies":[{"embeddable":true,"href":"https:\/\/cuple.com.ar\/ipna\/wp-json\/wp\/v2\/comments?post=6309"}],"version-history":[{"count":19,"href":"https:\/\/cuple.com.ar\/ipna\/wp-json\/wp\/v2\/pages\/6309\/revisions"}],"predecessor-version":[{"id":7160,"href":"https:\/\/cuple.com.ar\/ipna\/wp-json\/wp\/v2\/pages\/6309\/revisions\/7160"}],"wp:attachment":[{"href":"https:\/\/cuple.com.ar\/ipna\/wp-json\/wp\/v2\/media?parent=6309"}],"curies":[{"name":"wp","href":"https:\/\/api.w.org\/{rel}","templated":true}]}}