{"id":6252,"date":"2020-07-31T01:27:46","date_gmt":"2020-07-31T04:27:46","guid":{"rendered":"https:\/\/cuple.com.ar\/ipna\/?page_id=6252"},"modified":"2020-08-19T17:15:36","modified_gmt":"2020-08-19T20:15:36","slug":"nuestra-historia","status":"publish","type":"page","link":"https:\/\/cuple.com.ar\/ipna\/nuestra-historia\/","title":{"rendered":"Nuestra Historia"},"content":{"rendered":"\t\t<div data-elementor-type=\"wp-page\" data-elementor-id=\"6252\" class=\"elementor elementor-6252\" data-elementor-settings=\"[]\">\n\t\t\t\t\t\t<div class=\"elementor-inner\">\n\t\t\t\t\t\t\t<div class=\"elementor-section-wrap\">\n\t\t\t\t\t\t\t<section data-particle_enable=\"false\" data-particle-mobile-disabled=\"false\" class=\"elementor-section elementor-top-section elementor-element elementor-element-e45aa95 elementor-section-boxed elementor-section-height-default elementor-section-height-default\" data-id=\"e45aa95\" data-element_type=\"section\">\n\t\t\t\t\t\t<div class=\"elementor-container elementor-column-gap-wider\">\n\t\t\t\t\t\t\t<div class=\"elementor-row\">\n\t\t\t\t\t<div class=\"elementor-column elementor-col-50 elementor-top-column elementor-element elementor-element-1313d30\" data-id=\"1313d30\" data-element_type=\"column\">\n\t\t\t<div class=\"elementor-column-wrap elementor-element-populated\">\n\t\t\t\t\t\t\t<div class=\"elementor-widget-wrap\">\n\t\t\t\t\t\t<div class=\"elementor-element elementor-element-facf452 vertical_style-1 elementor-widget elementor-widget-gt3-core-processbar\" data-id=\"facf452\" data-element_type=\"widget\" data-widget_type=\"gt3-core-processbar.default\">\n\t\t\t\t<div class=\"elementor-widget-container\">\n\t\t\t<div class=\"gt3_process_bar_container row gt3_process_bar_container--type-vertical\"><div class=\"gt3_process_item span12 elementor-repeater-item-1dd2555\"><div class=\"gt3_process_item__number\">1988<\/div><div class=\"gt3_process_item__circle_wrapp\">\n\t\t\t<div class=\"gt3_process_item__circle_line_before\"><\/div>\n\t\t\t<div class=\"gt3_process_item__circle gt3_process_item__circle--size_normal\"><\/div>\n\t\t\t<div class=\"gt3_process_item__circle_line_after\"><\/div>\n\t\t\t<\/div><div class=\"gt3_process_item__content\"><div class=\"gt3_process_item__content_wrapper\"><div class=\"gt3_process_item__heading\"><h3>Fundaci\u00f3n<\/h3><\/div><div class=\"gt3_process_item__description\">A partir de vivencias personales y experiencias profesionales de un grupo de personas interesadas en trabajar para mejorar las condiciones de vida de los ni\u00f1os con discapacidad, se inaugura la sede de la instituci\u00f3n en el barrio de Caballito con el prop\u00f3sito de brindar servicios y prestaciones educativas y terap\u00e9uticas a ni\u00f1os y ni\u00f1as con discapacidad intelectuales.<\/div><\/div><\/div><\/div><div class=\"gt3_process_item span12 elementor-repeater-item-2127e59\"><div class=\"gt3_process_item__number\">1995<\/div><div class=\"gt3_process_item__circle_wrapp\">\n\t\t\t<div class=\"gt3_process_item__circle_line_before\"><\/div>\n\t\t\t<div class=\"gt3_process_item__circle gt3_process_item__circle--size_mini\"><\/div>\n\t\t\t<div class=\"gt3_process_item__circle_line_after\"><\/div>\n\t\t\t<\/div><div class=\"gt3_process_item__content\"><div class=\"gt3_process_item__content_wrapper\"><div class=\"gt3_process_item__heading\"><h3>Primer Programa de Derechos<\/h3><\/div><div class=\"gt3_process_item__description\">La instituci\u00f3n se abre a la comunidad: se inician los Programas de Promoci\u00f3n de Derechos de las personas con discapacidad y de Prevenci\u00f3n Primaria de la Salud dirigidos a distintos grupos y organizaciones sociales.<\/div><\/div><\/div><\/div><div class=\"gt3_process_item span12 elementor-repeater-item-7680693\"><div class=\"gt3_process_item__number\">1996<\/div><div class=\"gt3_process_item__circle_wrapp\">\n\t\t\t<div class=\"gt3_process_item__circle_line_before\"><\/div>\n\t\t\t<div class=\"gt3_process_item__circle gt3_process_item__circle--size_mini\"><\/div>\n\t\t\t<div class=\"gt3_process_item__circle_line_after\"><\/div>\n\t\t\t<\/div><div class=\"gt3_process_item__content\"><div class=\"gt3_process_item__content_wrapper\"><div class=\"gt3_process_item__heading\"><h3>Primer Proyecto Cultural<\/h3><\/div><div class=\"gt3_process_item__description\">Se organiza el 1er Encuentro Literario \u201cCuentos para un Futuro con Esperanza\u201d, evento que da inicio al \u00c1rea Cultural de la instituci\u00f3n cuyo principal objetivo es generar espacios para dar voz y visibilidad a los ni\u00f1os y ni\u00f1as con discapacidad a trav\u00e9s de diferentes programas que promueven su expresividad.<\/div><\/div><\/div><\/div><div class=\"gt3_process_item span12 elementor-repeater-item-29e0a99\"><div class=\"gt3_process_item__number\">2000<\/div><div class=\"gt3_process_item__circle_wrapp\">\n\t\t\t<div class=\"gt3_process_item__circle_line_before\"><\/div>\n\t\t\t<div class=\"gt3_process_item__circle gt3_process_item__circle--size_mini\"><\/div>\n\t\t\t<div class=\"gt3_process_item__circle_line_after\"><\/div>\n\t\t\t<\/div><div class=\"gt3_process_item__content\"><div class=\"gt3_process_item__content_wrapper\"><div class=\"gt3_process_item__heading\"><h3>Construcci\u00f3n Sede Ca\u00f1uelas<\/h3><\/div><div class=\"gt3_process_item__description\">Se construye un edificio en un predio de 7 hect\u00e1reas dise\u00f1ado y equipado especialmente para personas con discapacidad y comienzan los programas de capacitaci\u00f3n laboral en huerta, jardiner\u00eda y producci\u00f3n de plantines para j\u00f3venes con discapacidades intelectuales residentes en distintas zonas de Ca\u00f1uelas.<\/div><\/div><\/div><\/div><div class=\"gt3_process_item span12 elementor-repeater-item-50cdc47\"><div class=\"gt3_process_item__number\">2002<\/div><div class=\"gt3_process_item__circle_wrapp\">\n\t\t\t<div class=\"gt3_process_item__circle_line_before\"><\/div>\n\t\t\t<div class=\"gt3_process_item__circle gt3_process_item__circle--size_mini\"><\/div>\n\t\t\t<div class=\"gt3_process_item__circle_line_after\"><\/div>\n\t\t\t<\/div><div class=\"gt3_process_item__content\"><div class=\"gt3_process_item__content_wrapper\"><div class=\"gt3_process_item__heading\"><h3>Inicio de los Proyectos Productivos y Comunitarios<\/h3><\/div><div class=\"gt3_process_item__description\">A partir de una fuerte vinculaci\u00f3n con la comunidad de Alejandro Peti\u00f3n se implementan programas de capacitaci\u00f3n dirigidos a familias con el objetivo de desarrollar sus propias huertas para mejorar sus econom\u00edas dom\u00e9sticas y obtener alimentos org\u00e1nicos de buena calidad.<\/div><\/div><\/div><\/div><div class=\"gt3_process_item span12 elementor-repeater-item-611f891\"><div class=\"gt3_process_item__number\">2010<\/div><div class=\"gt3_process_item__circle_wrapp\">\n\t\t\t<div class=\"gt3_process_item__circle_line_before\"><\/div>\n\t\t\t<div class=\"gt3_process_item__circle gt3_process_item__circle--size_e_large\"><\/div>\n\t\t\t<div class=\"gt3_process_item__circle_line_after\"><\/div>\n\t\t\t<\/div><div class=\"gt3_process_item__content\"><div class=\"gt3_process_item__content_wrapper\"><div class=\"gt3_process_item__heading\"><h3>Creaci\u00f3n Centro de D\u00eda<\/h3><\/div><div class=\"gt3_process_item__description\">Se inaugura un Centro de D\u00eda en la localidad de Alejandro Peti\u00f3n destinado al desarrollo de actividades ocupacionales, recreativas e inclusivas para j\u00f3venes con discapacidad y una fuerte vinculaci\u00f3n con la comunidad.<\/div><\/div><\/div><\/div><div class=\"gt3_process_item span12 elementor-repeater-item-49d909d\"><div class=\"gt3_process_item__number\">2013<\/div><div class=\"gt3_process_item__circle_wrapp\">\n\t\t\t<div class=\"gt3_process_item__circle_line_before\"><\/div>\n\t\t\t<div class=\"gt3_process_item__circle gt3_process_item__circle--size_mini\"><\/div>\n\t\t\t<div class=\"gt3_process_item__circle_line_after\"><\/div>\n\t\t\t<\/div><div class=\"gt3_process_item__content\"><div class=\"gt3_process_item__content_wrapper\"><div class=\"gt3_process_item__heading\"><h3>Centro de Capacitaci\u00f3n Laboral<\/h3><\/div><div class=\"gt3_process_item__description\">Gracias al aporte de la Embajada del Jap\u00f3n se concreta la construcci\u00f3n de un Centro de Capacitaci\u00f3n Laboral en la sede de Ca\u00f1uelas, destinado a la implementaci\u00f3n de programas para capacitar en oficios y en microemprendimientos a j\u00f3venes con discapacidad.<\/div><\/div><\/div><\/div><div class=\"gt3_process_item span12 elementor-repeater-item-e1cc60f\"><div class=\"gt3_process_item__number\">2014<\/div><div class=\"gt3_process_item__circle_wrapp\">\n\t\t\t<div class=\"gt3_process_item__circle_line_before\"><\/div>\n\t\t\t<div class=\"gt3_process_item__circle gt3_process_item__circle--size_mini\"><\/div>\n\t\t\t<div class=\"gt3_process_item__circle_line_after\"><\/div>\n\t\t\t<\/div><div class=\"gt3_process_item__content\"><div class=\"gt3_process_item__content_wrapper\"><div class=\"gt3_process_item__heading\"><h3>Programas de Derechos en otras provincias<\/h3><\/div><div class=\"gt3_process_item__description\">La instituci\u00f3n ampl\u00eda y multiplica sus acciones de promoci\u00f3n de Derechos a otras provincias a partir del apoyo de UNICEF para el desarrollo de proyectos destinados a distintas comunidades, equipos t\u00e9cnicos y servicios locales de protecci\u00f3n.<\/div><\/div><\/div><\/div><\/div>\t\t<\/div>\n\t\t\t\t<\/div>\n\t\t\t\t\t\t<\/div>\n\t\t\t\t\t<\/div>\n\t\t<\/div>\n\t\t\t\t<div class=\"elementor-column elementor-col-50 elementor-top-column elementor-element elementor-element-f7c32b0\" data-id=\"f7c32b0\" data-element_type=\"column\">\n\t\t\t<div class=\"elementor-column-wrap elementor-element-populated\">\n\t\t\t\t\t\t\t<div class=\"elementor-widget-wrap\">\n\t\t\t\t\t\t<div class=\"elementor-element elementor-element-a1c87d6 elementor-aspect-ratio-169 elementor-widget elementor-widget-video\" data-id=\"a1c87d6\" data-element_type=\"widget\" data-settings=\"{&quot;aspect_ratio&quot;:&quot;169&quot;}\" data-widget_type=\"video.default\">\n\t\t\t\t<div class=\"elementor-widget-container\">\n\t\t\t\t\t<div class=\"elementor-wrapper elementor-fit-aspect-ratio elementor-open-inline\">\n\t\t\t<iframe class=\"elementor-video-iframe\" allowfullscreen title=\"Reproductor de v\u00eddeo youtube\" src=\"https:\/\/www.youtube.com\/embed\/2lzm4cbemDc?feature=oembed&start&end&wmode=opaque&loop=0&controls=1&mute=0&rel=0&modestbranding=0\"><\/iframe>\t\t<\/div>\n\t\t\t\t<\/div>\n\t\t\t\t<\/div>\n\t\t\t\t\t\t<\/div>\n\t\t\t\t\t<\/div>\n\t\t<\/div>\n\t\t\t\t\t\t\t\t<\/div>\n\t\t\t\t\t<\/div>\n\t\t<\/section>\n\t\t\t\t\t\t<\/div>\n\t\t\t\t\t\t<\/div>\n\t\t\t\t\t<\/div>\n\t\t","protected":false},"excerpt":{"rendered":"<p>1988 Fundaci\u00f3n A partir de vivencias personales y experiencias profesionales de un grupo de personas interesadas en trabajar para mejorar las condiciones de vida de los ni\u00f1os con discapacidad, se inaugura la sede de la instituci\u00f3n en el barrio de Caballito con el prop\u00f3sito de brindar servicios y prestaciones educativas y terap\u00e9uticas a ni\u00f1os y [&hellip;]<\/p>\n","protected":false},"author":1,"featured_media":0,"parent":0,"menu_order":0,"comment_status":"closed","ping_status":"closed","template":"","meta":[],"_links":{"self":[{"href":"https:\/\/cuple.com.ar\/ipna\/wp-json\/wp\/v2\/pages\/6252"}],"collection":[{"href":"https:\/\/cuple.com.ar\/ipna\/wp-json\/wp\/v2\/pages"}],"about":[{"href":"https:\/\/cuple.com.ar\/ipna\/wp-json\/wp\/v2\/types\/page"}],"author":[{"embeddable":true,"href":"https:\/\/cuple.com.ar\/ipna\/wp-json\/wp\/v2\/users\/1"}],"replies":[{"embeddable":true,"href":"https:\/\/cuple.com.ar\/ipna\/wp-json\/wp\/v2\/comments?post=6252"}],"version-history":[{"count":17,"href":"https:\/\/cuple.com.ar\/ipna\/wp-json\/wp\/v2\/pages\/6252\/revisions"}],"predecessor-version":[{"id":6901,"href":"https:\/\/cuple.com.ar\/ipna\/wp-json\/wp\/v2\/pages\/6252\/revisions\/6901"}],"wp:attachment":[{"href":"https:\/\/cuple.com.ar\/ipna\/wp-json\/wp\/v2\/media?parent=6252"}],"curies":[{"name":"wp","href":"https:\/\/api.w.org\/{rel}","templated":true}]}}