{"id":1419,"date":"2019-08-01T12:57:33","date_gmt":"2019-08-01T15:57:33","guid":{"rendered":"https:\/\/livewp.site\/wp\/md\/evvebot\/?page_id=1419"},"modified":"2020-08-13T12:55:17","modified_gmt":"2020-08-13T15:55:17","slug":"novedades","status":"publish","type":"page","link":"https:\/\/cuple.com.ar\/ipna\/novedades\/","title":{"rendered":"Novedades"},"content":{"rendered":"\t\t<div data-elementor-type=\"wp-post\" data-elementor-id=\"1419\" class=\"elementor elementor-1419\" data-elementor-settings=\"[]\">\n\t\t\t\t\t\t<div class=\"elementor-inner\">\n\t\t\t\t\t\t\t<div class=\"elementor-section-wrap\">\n\t\t\t\t\t\t\t<section data-particle_enable=\"false\" data-particle-mobile-disabled=\"false\" class=\"elementor-section elementor-top-section elementor-element elementor-element-37204d8 elementor-section-boxed elementor-section-height-default elementor-section-height-default\" data-id=\"37204d8\" data-element_type=\"section\">\n\t\t\t\t\t\t<div class=\"elementor-container elementor-column-gap-default\">\n\t\t\t\t\t\t\t<div class=\"elementor-row\">\n\t\t\t\t\t<div class=\"elementor-column elementor-col-100 elementor-top-column elementor-element elementor-element-63df7ae\" data-id=\"63df7ae\" data-element_type=\"column\">\n\t\t\t<div class=\"elementor-column-wrap elementor-element-populated\">\n\t\t\t\t\t\t\t<div class=\"elementor-widget-wrap\">\n\t\t\t\t\t\t<div class=\"elementor-element elementor-element-5b31141 eael-post-list-col-2 elementor-widget elementor-widget-eael-post-list\" data-id=\"5b31141\" data-element_type=\"widget\" data-widget_type=\"eael-post-list.default\">\n\t\t\t\t<div class=\"elementor-widget-container\">\n\t\t\t<div class=\"eael-post-list-container layout-advanced\"><div class=\"eael-post-list-wrap eael-post-appender eael-post-appender-5b31141\">\n                <div class=\"eael-post-list-posts-wrap\"><div class=\"eael-post-list-post \"><div class=\"eael-post-list-post-inner\"><div class=\"eael-post-list-thumbnail \"><img src=\"https:\/\/cuple.com.ar\/ipna\/wp-content\/uploads\/2020\/10\/8a6b0616-d9c8-4308-9b67-2dbf0994fbfa.jpg\" alt=\"\"><a href=\"https:\/\/cuple.com.ar\/ipna\/2020\/10\/16\/dia-mundial-baston-blanco\/\"><\/a>\n                                <\/div><div class=\"eael-post-list-content\"><h2 class=\"eael-post-list-title\"><a href=\"https:\/\/cuple.com.ar\/ipna\/2020\/10\/16\/dia-mundial-baston-blanco\/\">D\u00eda Internacional de las Lenguas de Se\u00f1as<\/a><\/h2><p>Celebramos este d\u00eda mundial y recordamos la importancia de generar espacios que...<\/p><a href=\"https:\/\/cuple.com.ar\/ipna\/2020\/10\/16\/dia-mundial-baston-blanco\/\" class=\"eael-post-elements-readmore-btn\">Ver m\u00e1s<\/a><div class=\"boxed-meta\"><\/div><\/div><\/div><\/div><div class=\"eael-post-list-post \"><div class=\"eael-post-list-post-inner\"><div class=\"eael-post-list-thumbnail \"><img src=\"https:\/\/cuple.com.ar\/ipna\/wp-content\/uploads\/2020\/09\/dia-internacional-de-las-lenguas-de-senas.jpg\" alt=\"\"><a href=\"https:\/\/cuple.com.ar\/ipna\/2020\/09\/23\/dia-internacional-de-las-lenguas-de-senas\/\"><\/a>\n                                <\/div><div class=\"eael-post-list-content\"><h2 class=\"eael-post-list-title\"><a href=\"https:\/\/cuple.com.ar\/ipna\/2020\/09\/23\/dia-internacional-de-las-lenguas-de-senas\/\">D\u00eda Internacional de las Lenguas de Se\u00f1as<\/a><\/h2><p>Celebramos el reconocimiento mundial sobre la importancia de las lenguas de se\u00f1as...<\/p><a href=\"https:\/\/cuple.com.ar\/ipna\/2020\/09\/23\/dia-internacional-de-las-lenguas-de-senas\/\" class=\"eael-post-elements-readmore-btn\">Ver m\u00e1s<\/a><div class=\"boxed-meta\"><\/div><\/div><\/div><\/div><div class=\"eael-post-list-post \"><div class=\"eael-post-list-post-inner\"><div class=\"eael-post-list-thumbnail \"><img src=\"https:\/\/cuple.com.ar\/ipna\/wp-content\/uploads\/2020\/09\/dia-nacional-de-las-personas-sordas.jpg\" alt=\"\"><a href=\"https:\/\/cuple.com.ar\/ipna\/2020\/09\/23\/dia-nacional-de-las-personas-sordas\/\"><\/a>\n                                <\/div><div class=\"eael-post-list-content\"><h2 class=\"eael-post-list-title\"><a href=\"https:\/\/cuple.com.ar\/ipna\/2020\/09\/23\/dia-nacional-de-las-personas-sordas\/\">D\u00eda Nacional de las Personas Sordas<\/a><\/h2><p>Saludamos a la comunidad sorda argentina y compartimos informaci\u00f3n importante para conocer...<\/p><a href=\"https:\/\/cuple.com.ar\/ipna\/2020\/09\/23\/dia-nacional-de-las-personas-sordas\/\" class=\"eael-post-elements-readmore-btn\">Ver m\u00e1s<\/a><div class=\"boxed-meta\"><\/div><\/div><\/div><\/div><div class=\"eael-post-list-post \"><div class=\"eael-post-list-post-inner\"><div class=\"eael-post-list-thumbnail \"><img src=\"https:\/\/cuple.com.ar\/ipna\/wp-content\/uploads\/2020\/09\/diadelmaestroipna.jpg\" alt=\"\"><a href=\"https:\/\/cuple.com.ar\/ipna\/2020\/09\/11\/dia-del-maestro\/\"><\/a>\n                                <\/div><div class=\"eael-post-list-content\"><h2 class=\"eael-post-list-title\"><a href=\"https:\/\/cuple.com.ar\/ipna\/2020\/09\/11\/dia-del-maestro\/\">D\u00eda del Maestro<\/a><\/h2><p>En este a\u00f1o especial y en este tiempo dif\u00edcil que atravesamos, agradecemos...<\/p><a href=\"https:\/\/cuple.com.ar\/ipna\/2020\/09\/11\/dia-del-maestro\/\" class=\"eael-post-elements-readmore-btn\">Ver m\u00e1s<\/a><div class=\"boxed-meta\"><\/div><\/div><\/div><\/div><\/div>\n            <\/div>\n\t\t<\/div><div class=\"post-list-pagination\" data-widget=\"5b31141\" data-class=\"Essential_Addons_Elementor\\Pro\\Elements\\Post_List\" data-args=\"orderby=date&order=desc&ignore_sticky_posts=1&post_status=publish&posts_per_page=4&offset=0&post_type=post\" data-settings=\"eael_post_list_post_feature_image=yes&eael_post_list_post_meta=&eael_post_list_post_title=yes&eael_post_list_post_excerpt=yes&eael_post_list_post_excerpt_length=12&eael_post_list_featured_area=yes&eael_post_list_pagination=yes&eael_post_list_layout_type=advanced&eael_post_list_post_cat=&eael_post_list_author_meta=&eael_post_list_title_tag=h2&eael_show_read_more_button=yes&eael_post_list_read_more_text=Ver+m%C3%A1s\" data-page=\"1\">\n                <button class=\"btn btn-prev-post\" id=\"post-nav-prev-5b31141\" disabled=\"true\">\n                    <span class=\"fas fa-angle-left\"><\/span>\n                <\/button>\n                <button class=\"btn btn-next-post\" id=\"post-nav-next-5b31141\">\n                    <span class=\"fas fa-angle-right\"><\/span>\n                <\/button>\n\t\t\t<\/div>\t\t<\/div>\n\t\t\t\t<\/div>\n\t\t\t\t\t\t<\/div>\n\t\t\t\t\t<\/div>\n\t\t<\/div>\n\t\t\t\t\t\t\t\t<\/div>\n\t\t\t\t\t<\/div>\n\t\t<\/section>\n\t\t\t\t\t\t<\/div>\n\t\t\t\t\t\t<\/div>\n\t\t\t\t\t<\/div>\n\t\t","protected":false},"excerpt":{"rendered":"<p>Capacitaci\u00f3n Virtual: Discapacidad y COVID-19 Lorem ipsum dolor sit amet, consectetur adipiscing elit, sed do eiusmod tempor&#8230; Ver m\u00e1s Cuidemos el cuerpo y las emociones Lorem ipsum dolor sit amet, consectetur adipiscing elit, sed do eiusmod tempor&#8230; Ver m\u00e1s Propuestas l\u00fadicas Lorem ipsum dolor sit amet, consectetur adipiscing elit, sed do eiusmod tempor&#8230; Ver m\u00e1s [&hellip;]<\/p>\n","protected":false},"author":1,"featured_media":0,"parent":0,"menu_order":0,"comment_status":"closed","ping_status":"closed","template":"","meta":[],"_links":{"self":[{"href":"https:\/\/cuple.com.ar\/ipna\/wp-json\/wp\/v2\/pages\/1419"}],"collection":[{"href":"https:\/\/cuple.com.ar\/ipna\/wp-json\/wp\/v2\/pages"}],"about":[{"href":"https:\/\/cuple.com.ar\/ipna\/wp-json\/wp\/v2\/types\/page"}],"author":[{"embeddable":true,"href":"https:\/\/cuple.com.ar\/ipna\/wp-json\/wp\/v2\/users\/1"}],"replies":[{"embeddable":true,"href":"https:\/\/cuple.com.ar\/ipna\/wp-json\/wp\/v2\/comments?post=1419"}],"version-history":[{"count":3,"href":"https:\/\/cuple.com.ar\/ipna\/wp-json\/wp\/v2\/pages\/1419\/revisions"}],"predecessor-version":[{"id":6868,"href":"https:\/\/cuple.com.ar\/ipna\/wp-json\/wp\/v2\/pages\/1419\/revisions\/6868"}],"wp:attachment":[{"href":"https:\/\/cuple.com.ar\/ipna\/wp-json\/wp\/v2\/media?parent=1419"}],"curies":[{"name":"wp","href":"https:\/\/api.w.org\/{rel}","templated":true}]}}