{"id":6409,"date":"2020-07-31T20:47:23","date_gmt":"2020-07-31T23:47:23","guid":{"rendered":"https:\/\/cuple.com.ar\/ipna\/?page_id=6409"},"modified":"2020-09-28T16:32:04","modified_gmt":"2020-09-28T19:32:04","slug":"espectaculos","status":"publish","type":"page","link":"https:\/\/cuple.com.ar\/ipna\/it\/espectaculos\/","title":{"rendered":"Sppettacoli"},"content":{"rendered":"<div data-elementor-type=\"wp-page\" data-elementor-id=\"6409\" class=\"elementor elementor-6409\" data-elementor-settings=\"[]\">\n\t\t\t\t\t\t<div class=\"elementor-inner\">\n\t\t\t\t\t\t\t<div class=\"elementor-section-wrap\">\n\t\t\t\t\t\t\t<section data-particle_enable=\"false\" data-particle-mobile-disabled=\"false\" class=\"elementor-section elementor-top-section elementor-element elementor-element-1aa6cd6 elementor-section-boxed elementor-section-height-default elementor-section-height-default\" data-id=\"1aa6cd6\" data-element_type=\"section\">\n\t\t\t\t\t\t<div class=\"elementor-container elementor-column-gap-wider\">\n\t\t\t\t\t\t\t<div class=\"elementor-row\">\n\t\t\t\t\t<div class=\"elementor-column elementor-col-50 elementor-top-column elementor-element elementor-element-923e59a\" data-id=\"923e59a\" data-element_type=\"column\">\n\t\t\t<div class=\"elementor-column-wrap elementor-element-populated\">\n\t\t\t\t\t\t\t<div class=\"elementor-widget-wrap\">\n\t\t\t\t\t\t<div class=\"elementor-element-custom_font_family elementor-element-custom_font_weight elementor-element elementor-element-1688f9a elementor-widget elementor-widget-text-editor\" data-id=\"1688f9a\" data-element_type=\"widget\" data-widget_type=\"text-editor.default\">\n\t\t\t\t<div class=\"elementor-widget-container\">\n\t\t\t\t\t<div class=\"elementor-text-editor elementor-clearfix\"><p class=\" translation-block\">La Legge 3.546 stabilisce l\u2019accesso grautuito agli spettacoli pubblici realizzati dalla Citt\u00e0 Autonoma di Buenos Aires per le persone con disabilit\u00e0.<\/p><p>Per partecipare a qualunque evento sportivo, culturale, artistico o turistico si deve presentare il Certificato Unico di Disabilit\u00e0 (CUD) e ritirare i biglietti d\u2019entrata. La prenotazione e\/o l\u2019acquisto dei biglietti d\u2019entrata pu\u00f2 realizzarsi alla biglietteria del luogo, attraverso internet o telefonicamente dalla persona con disabilit\u00e0 o da un\u2019altra persona che presenta la documentazione menzionata.<\/p><p>L\u2019assegnazione dei posti deve essere preferenziale tenendo in conto il tipo di disabilit\u00e0 della persona e l\u2019entrata pu\u00f2 anche essere gratuita per un accompagnatore se stabilito nel CUD.<\/p><\/div>\n\t\t\t\t<\/div>\n\t\t\t\t<\/div>\n\t\t\t\t\t\t<\/div>\n\t\t\t\t\t<\/div>\n\t\t<\/div>\n\t\t\t\t<div class=\"elementor-column elementor-col-50 elementor-top-column elementor-element elementor-element-6e8d85c\" data-id=\"6e8d85c\" data-element_type=\"column\">\n\t\t\t<div class=\"elementor-column-wrap elementor-element-populated\">\n\t\t\t\t\t\t\t<div class=\"elementor-widget-wrap\">\n\t\t\t\t\t\t<div class=\"elementor-element elementor-element-3982b57 elementor-aspect-ratio-169 elementor-widget elementor-widget-video\" data-id=\"3982b57\" data-element_type=\"widget\" data-settings=\"{&quot;aspect_ratio&quot;:&quot;169&quot;}\" data-widget_type=\"video.default\">\n\t\t\t\t<div class=\"elementor-widget-container\">\n\t\t\t\t\t<div class=\"elementor-wrapper elementor-fit-aspect-ratio elementor-open-inline\">\n\t\t\t<iframe class=\"elementor-video-iframe\" allowfullscreen title=\"youtube Video Player\" src=\"https:\/\/www.youtube.com\/embed\/2lzm4cbemDc?feature=oembed&start&end&wmode=opaque&loop=0&controls=1&mute=0&rel=0&modestbranding=0\"><\/iframe>\t\t<\/div>\n\t\t\t\t<\/div>\n\t\t\t\t<\/div>\n\t\t\t\t\t\t<\/div>\n\t\t\t\t\t<\/div>\n\t\t<\/div>\n\t\t\t\t\t\t\t\t<\/div>\n\t\t\t\t\t<\/div>\n\t\t<\/section>\n\t\t\t\t\t\t<\/div>\n\t\t\t\t\t\t<\/div>\n\t\t\t\t\t<\/div>","protected":false},"excerpt":{"rendered":"<p>La Ley 3.546 establece la gratuidad de acceso a los espect\u00e1culos p\u00fablicos realizados por el Gobierno de la Ciudad Aut\u00f3noma de Buenos Aires para las personas con discapacidad. Para participar de cualquier evento deportivo, cultural, art\u00edstico o tur\u00edstico se debe presentar el Certificado \u00danico de Discapacidad (CUD) y retirar las entradas 30 minutos antes del [&hellip;]<\/p>","protected":false},"author":1,"featured_media":0,"parent":0,"menu_order":0,"comment_status":"closed","ping_status":"closed","template":"","meta":[],"_links":{"self":[{"href":"https:\/\/cuple.com.ar\/ipna\/it\/wp-json\/wp\/v2\/pages\/6409"}],"collection":[{"href":"https:\/\/cuple.com.ar\/ipna\/it\/wp-json\/wp\/v2\/pages"}],"about":[{"href":"https:\/\/cuple.com.ar\/ipna\/it\/wp-json\/wp\/v2\/types\/page"}],"author":[{"embeddable":true,"href":"https:\/\/cuple.com.ar\/ipna\/it\/wp-json\/wp\/v2\/users\/1"}],"replies":[{"embeddable":true,"href":"https:\/\/cuple.com.ar\/ipna\/it\/wp-json\/wp\/v2\/comments?post=6409"}],"version-history":[{"count":4,"href":"https:\/\/cuple.com.ar\/ipna\/it\/wp-json\/wp\/v2\/pages\/6409\/revisions"}],"predecessor-version":[{"id":7168,"href":"https:\/\/cuple.com.ar\/ipna\/it\/wp-json\/wp\/v2\/pages\/6409\/revisions\/7168"}],"wp:attachment":[{"href":"https:\/\/cuple.com.ar\/ipna\/it\/wp-json\/wp\/v2\/media?parent=6409"}],"curies":[{"name":"wp","href":"https:\/\/api.w.org\/{rel}","templated":true}]}}