{"id":6368,"date":"2020-07-31T18:04:39","date_gmt":"2020-07-31T21:04:39","guid":{"rendered":"https:\/\/cuple.com.ar\/ipna\/?page_id=6368"},"modified":"2020-10-11T16:49:12","modified_gmt":"2020-10-11T19:49:12","slug":"entidades-y-organismos","status":"publish","type":"page","link":"https:\/\/cuple.com.ar\/ipna\/it\/entidades-y-organismos\/","title":{"rendered":"Entit\u00e0 e Organizzazioni"},"content":{"rendered":"<div data-elementor-type=\"wp-page\" data-elementor-id=\"6368\" class=\"elementor elementor-6368\" data-elementor-settings=\"[]\">\n\t\t\t\t\t\t<div class=\"elementor-inner\">\n\t\t\t\t\t\t\t<div class=\"elementor-section-wrap\">\n\t\t\t\t\t\t\t<section data-particle_enable=\"false\" data-particle-mobile-disabled=\"false\" class=\"elementor-section elementor-top-section elementor-element elementor-element-c7bbe73 elementor-section-boxed elementor-section-height-default elementor-section-height-default\" data-id=\"c7bbe73\" data-element_type=\"section\">\n\t\t\t\t\t\t<div class=\"elementor-container elementor-column-gap-wider\">\n\t\t\t\t\t\t\t<div class=\"elementor-row\">\n\t\t\t\t\t<div class=\"elementor-column elementor-col-50 elementor-top-column elementor-element elementor-element-41dfae2\" data-id=\"41dfae2\" data-element_type=\"column\">\n\t\t\t<div class=\"elementor-column-wrap elementor-element-populated\">\n\t\t\t\t\t\t\t<div class=\"elementor-widget-wrap\">\n\t\t\t\t\t\t<div class=\"elementor-element elementor-element-bfcf667 elementor-widget elementor-widget-text-editor\" data-id=\"bfcf667\" data-element_type=\"widget\" data-widget_type=\"text-editor.default\">\n\t\t\t\t<div class=\"elementor-widget-container\">\n\t\t\t\t\t<div class=\"elementor-text-editor elementor-clearfix\"><p><span>Lo Stato a livello nazionale, provinciale e locale dispone di programmi e servizi che offrono informazione, consigliano e accompagnano per garantirne i diritti.<\/span><\/p><\/div>\n\t\t\t\t<\/div>\n\t\t\t\t<\/div>\n\t\t\t\t<div class=\"elementor-element elementor-element-3d12114 elementor-widget elementor-widget-accordion\" data-id=\"3d12114\" data-element_type=\"widget\" data-widget_type=\"accordion.default\">\n\t\t\t\t<div class=\"elementor-widget-container\">\n\t\t\t\t\t<div class=\"elementor-accordion\" role=\"tablist\">\n\t\t\t\t\t\t\t<div class=\"elementor-accordion-item\">\n\t\t\t\t\t<div id=\"elementor-tab-title-6401\" class=\"elementor-tab-title\" data-tab=\"1\" role=\"tab\" aria-controls=\"elementor-tab-content-6401\">\n\t\t\t\t\t\t\t\t\t\t\t\t\t<span class=\"elementor-accordion-icon elementor-accordion-icon-left\" aria-hidden=\"true\">\n\t\t\t\t\t\t\t\t\t\t\t\t\t\t\t<span class=\"elementor-accordion-icon-closed\"><i class=\"far fa-circle\"><\/i><\/span>\n\t\t\t\t\t\t\t\t<span class=\"elementor-accordion-icon-opened\"><i class=\"far fa-dot-circle\"><\/i><\/span>\n\t\t\t\t\t\t\t\t\t\t\t\t\t\t<\/span>\n\t\t\t\t\t\t\t\t\t\t\t\t<a class=\"elementor-accordion-title\" href=\"\">Agencia Nacional de Discapacidad<\/a>\n\t\t\t\t\t<\/div>\n\t\t\t\t\t<div id=\"elementor-tab-content-6401\" class=\"elementor-tab-content elementor-clearfix\" data-tab=\"1\" role=\"tabpanel\" aria-labelledby=\"elementor-tab-title-6401\"><p class=\"western\" align=\"justify\">Es el organismo gubernamental encargado de la aplicaci\u00f3n de la Convenci\u00f3n Internacional sobre los Derechos de las personas con discapacidad y de promover pol\u00edticas p\u00fablicas, programas y proyectos inclusivos.<\/p><p class=\"western\" align=\"justify\"><span><span lang=\"es-ES\"><strong>Numero Verde:<\/strong>: 0800 555 3472<\/span><\/span><\/p><p class=\"western\" align=\"justify\"><span><span lang=\"es-ES\"><strong>Web:<\/strong> <a href=\"http:\/\/www.argentina.gob.ar\/andis\">www.argentina.gob.ar\/andis<\/a><\/span><\/span><span><u><\/u><\/span><\/p><p class=\"western\" align=\"justify\"><span><span lang=\"es-ES\"><b>E-Mail: <\/b>consultas@andis.gob.ar<\/span><\/span><\/p><p align=\"justify\"><span><span lang=\"es-ES\"><b>Facebook: <\/b><a href=\"https:\/\/es-la.facebook.com\/AgenciaNacionaldeDiscapacidad\/\">Agencia Nacional de Discapacidad<\/a><\/span><\/span><\/p><\/div>\n\t\t\t\t<\/div>\n\t\t\t\t\t\t\t<div class=\"elementor-accordion-item\">\n\t\t\t\t\t<div id=\"elementor-tab-title-6402\" class=\"elementor-tab-title\" data-tab=\"2\" role=\"tab\" aria-controls=\"elementor-tab-content-6402\">\n\t\t\t\t\t\t\t\t\t\t\t\t\t<span class=\"elementor-accordion-icon elementor-accordion-icon-left\" aria-hidden=\"true\">\n\t\t\t\t\t\t\t\t\t\t\t\t\t\t\t<span class=\"elementor-accordion-icon-closed\"><i class=\"far fa-circle\"><\/i><\/span>\n\t\t\t\t\t\t\t\t<span class=\"elementor-accordion-icon-opened\"><i class=\"far fa-dot-circle\"><\/i><\/span>\n\t\t\t\t\t\t\t\t\t\t\t\t\t\t<\/span>\n\t\t\t\t\t\t\t\t\t\t\t\t<a class=\"elementor-accordion-title\" href=\"\">Sovraintendenza dei servizi di salute della Nazione. Difesa dell\u2019utente dei servizi di salute<\/a>\n\t\t\t\t\t<\/div>\n\t\t\t\t\t<div id=\"elementor-tab-content-6402\" class=\"elementor-tab-content elementor-clearfix\" data-tab=\"2\" role=\"tabpanel\" aria-labelledby=\"elementor-tab-title-6402\"><p class=\"western translation-block\" align=\"justify\">E\u2019 l\u2019ente che controlla l\u2019 Obra Sociales1 e Empresa de Medicina Prepagas2 e riceve le denunce nei casi di mancato accesso ai servizi di salute.<\/p><p class=\"western translation-block\" align=\"justify\">Numero Verde: 080022272583 aperto dal luned\u00ec al venerd\u00ec dalle 9.00 alle 17.00<\/p><p class=\"western\" align=\"justify\"><span><span lang=\"es-ES\"><strong>Web:<\/strong>\u00a0<\/span><\/span><span><u><a href=\"http:\/\/www.sssalud.gob.ar\/\"><span lang=\"es-ES\">www.sssalud.gob.ar<\/span><\/a><\/u><\/span><\/p><p class=\"western\" align=\"justify\"><span><span lang=\"es-ES\"><strong>E-Mail:<\/strong>\u00a0<\/span><\/span><span><u><a href=\"mailto:defensor@sssalud.gob.ar\"><span lang=\"es-ES\">defensor@sssalud.gob.ar<\/span><\/a><\/u><\/span><\/p><\/div>\n\t\t\t\t<\/div>\n\t\t\t\t\t\t\t<div class=\"elementor-accordion-item\">\n\t\t\t\t\t<div id=\"elementor-tab-title-6403\" class=\"elementor-tab-title\" data-tab=\"3\" role=\"tab\" aria-controls=\"elementor-tab-content-6403\">\n\t\t\t\t\t\t\t\t\t\t\t\t\t<span class=\"elementor-accordion-icon elementor-accordion-icon-left\" aria-hidden=\"true\">\n\t\t\t\t\t\t\t\t\t\t\t\t\t\t\t<span class=\"elementor-accordion-icon-closed\"><i class=\"far fa-circle\"><\/i><\/span>\n\t\t\t\t\t\t\t\t<span class=\"elementor-accordion-icon-opened\"><i class=\"far fa-dot-circle\"><\/i><\/span>\n\t\t\t\t\t\t\t\t\t\t\t\t\t\t<\/span>\n\t\t\t\t\t\t\t\t\t\t\t\t<a class=\"elementor-accordion-title\" href=\"\">Programma di amministrazione e accesso alla giustizia \u2013 ADAJUS<\/a>\n\t\t\t\t\t<\/div>\n\t\t\t\t\t<div id=\"elementor-tab-content-6403\" class=\"elementor-tab-content elementor-clearfix\" data-tab=\"3\" role=\"tabpanel\" aria-labelledby=\"elementor-tab-title-6403\"><p class=\"western translation-block\" align=\"justify\">La sua funzione \u00e8 garantire l\u2019accesso effettivo delle persone con disabilit\u00e0 al sistema di giustizia in tutto il Paese.<\/p><p class=\"western translation-block\" align=\"justify\">Telefono: 01153004000. Interni: 78348\/78349<\/p><p class=\"western\" align=\"justify\"><span><span lang=\"es-ES\"><strong>Tel di guardia:<\/strong>\u00a0(011) 153 364 1705<\/span><\/span><\/p><p class=\"western\" align=\"justify\"><span><span lang=\"es-ES\"><strong>Web:<\/strong>\u00a0<a href=\"http:\/\/www.jus.gob.ar\/\">www.jus.gob.ar<\/a>\u00a0(consulta area disabilit\u00e0)<\/span><\/span><\/p><p class=\"western\" align=\"justify\"><span><span lang=\"es-ES\"><strong>E-Mail:<\/strong>\u00a0adajus@jus.gob.ar<\/span><\/span><\/p><\/div>\n\t\t\t\t<\/div>\n\t\t\t\t\t\t\t<div class=\"elementor-accordion-item\">\n\t\t\t\t\t<div id=\"elementor-tab-title-6404\" class=\"elementor-tab-title\" data-tab=\"4\" role=\"tab\" aria-controls=\"elementor-tab-content-6404\">\n\t\t\t\t\t\t\t\t\t\t\t\t\t<span class=\"elementor-accordion-icon elementor-accordion-icon-left\" aria-hidden=\"true\">\n\t\t\t\t\t\t\t\t\t\t\t\t\t\t\t<span class=\"elementor-accordion-icon-closed\"><i class=\"far fa-circle\"><\/i><\/span>\n\t\t\t\t\t\t\t\t<span class=\"elementor-accordion-icon-opened\"><i class=\"far fa-dot-circle\"><\/i><\/span>\n\t\t\t\t\t\t\t\t\t\t\t\t\t\t<\/span>\n\t\t\t\t\t\t\t\t\t\t\t\t<a class=\"elementor-accordion-title\" href=\"\">Istituto Nazionale contro la Discriminazione, la Xenofobia e il Razzismo \u2013 INADI<\/a>\n\t\t\t\t\t<\/div>\n\t\t\t\t\t<div id=\"elementor-tab-content-6404\" class=\"elementor-tab-content elementor-clearfix\" data-tab=\"4\" role=\"tabpanel\" aria-labelledby=\"elementor-tab-title-6404\"><p class=\"western translation-block\" align=\"justify\">E\u2019 l\u2019organismo che si occupa delle denunce di persone vittime di discriminazione e promuove campagne di comunicazione per il rispetto della diversit\u00e0 e del pluralismo.<\/p><p class=\"western\" align=\"justify\"><span><span lang=\"es-ES\"><strong>Numero Verde<\/strong>\u00a00800 999 2345. Attivo 24h<\/span><\/span><\/p><p class=\"western\" align=\"justify\"><span><span lang=\"es-ES\"><strong>Web:<\/strong>\u00a0<\/span><\/span><span><u><a href=\"http:\/\/www.inadi.gob.ar\/\"><span lang=\"es-ES\">www.inadi.gob.ar<\/span><\/a><\/u><\/span><\/p><\/div>\n\t\t\t\t<\/div>\n\t\t\t\t\t\t\t<div class=\"elementor-accordion-item\">\n\t\t\t\t\t<div id=\"elementor-tab-title-6405\" class=\"elementor-tab-title\" data-tab=\"5\" role=\"tab\" aria-controls=\"elementor-tab-content-6405\">\n\t\t\t\t\t\t\t\t\t\t\t\t\t<span class=\"elementor-accordion-icon elementor-accordion-icon-left\" aria-hidden=\"true\">\n\t\t\t\t\t\t\t\t\t\t\t\t\t\t\t<span class=\"elementor-accordion-icon-closed\"><i class=\"far fa-circle\"><\/i><\/span>\n\t\t\t\t\t\t\t\t<span class=\"elementor-accordion-icon-opened\"><i class=\"far fa-dot-circle\"><\/i><\/span>\n\t\t\t\t\t\t\t\t\t\t\t\t\t\t<\/span>\n\t\t\t\t\t\t\t\t\t\t\t\t<a class=\"elementor-accordion-title\" href=\"\">Difesa del Popolo e della Nazione<\/a>\n\t\t\t\t\t<\/div>\n\t\t\t\t\t<div id=\"elementor-tab-content-6405\" class=\"elementor-tab-content elementor-clearfix\" data-tab=\"5\" role=\"tabpanel\" aria-labelledby=\"elementor-tab-title-6405\"><p class=\"western translation-block\" align=\"justify\">La sua missione \u00e8 proteggere i diritti e garantirne la presenza nella Costituzione Nazionale.\n\nE\u2019 l\u2019organo che riceve le denunce e intraprende processi giudiziari per il mancato compimento degli stessi da parte di autorit\u00e0 pubbliche o private<\/p><p class=\"western\" align=\"justify\"><span><span lang=\"es-ES\"><strong>Tel\u00e9fono:<\/strong>\u00a00810 333 3762<\/span><\/span><\/p><p class=\"western\" align=\"justify\"><span><span lang=\"es-ES\"><strong>Web:<\/strong>\u00a0<\/span><\/span><span><u><a href=\"http:\/\/www.dpn.gob.ar\/\">www.dpn.gob.ar<\/a><\/u><\/span><\/p><p class=\"western\" align=\"justify\"><span><span lang=\"es-ES\"><strong>E-Mail:<\/strong>\u00a0defensor@defensor.gob.ar<\/span><\/span><\/p><\/div>\n\t\t\t\t<\/div>\n\t\t\t\t\t<\/div>\n\t\t\t\t<\/div>\n\t\t\t\t<\/div>\n\t\t\t\t\t\t<\/div>\n\t\t\t\t\t<\/div>\n\t\t<\/div>\n\t\t\t\t<div class=\"elementor-column elementor-col-50 elementor-top-column elementor-element elementor-element-623b6e9\" data-id=\"623b6e9\" data-element_type=\"column\">\n\t\t\t<div class=\"elementor-column-wrap elementor-element-populated\">\n\t\t\t\t\t\t\t<div class=\"elementor-widget-wrap\">\n\t\t\t\t\t\t<div class=\"elementor-element elementor-element-812e172 elementor-aspect-ratio-169 elementor-widget elementor-widget-video\" data-id=\"812e172\" data-element_type=\"widget\" data-settings=\"{&quot;aspect_ratio&quot;:&quot;169&quot;}\" data-widget_type=\"video.default\">\n\t\t\t\t<div class=\"elementor-widget-container\">\n\t\t\t\t\t<div class=\"elementor-wrapper elementor-fit-aspect-ratio elementor-open-inline\">\n\t\t\t<iframe class=\"elementor-video-iframe\" allowfullscreen title=\"youtube Video Player\" src=\"https:\/\/www.youtube.com\/embed\/2lzm4cbemDc?feature=oembed&start&end&wmode=opaque&loop=0&controls=1&mute=0&rel=0&modestbranding=0\"><\/iframe>\t\t<\/div>\n\t\t\t\t<\/div>\n\t\t\t\t<\/div>\n\t\t\t\t\t\t<\/div>\n\t\t\t\t\t<\/div>\n\t\t<\/div>\n\t\t\t\t\t\t\t\t<\/div>\n\t\t\t\t\t<\/div>\n\t\t<\/section>\n\t\t\t\t\t\t<\/div>\n\t\t\t\t\t\t<\/div>\n\t\t\t\t\t<\/div>","protected":false},"excerpt":{"rendered":"<p>El Estado, a nivel nacional, provincial y local, dispone de programas y servicios que ofrecen informaci\u00f3n, asesoramiento y acompa\u00f1amiento para garantizar el acceso a los Derechos. Agencia Nacional de Discapacidad Es el organismo gubernamental encargado de la aplicaci\u00f3n de la Convenci\u00f3n Internacional sobre los Derechos de las personas con discapacidad y de promover pol\u00edticas p\u00fablicas, [&hellip;]<\/p>","protected":false},"author":1,"featured_media":0,"parent":0,"menu_order":0,"comment_status":"closed","ping_status":"closed","template":"","meta":[],"_links":{"self":[{"href":"https:\/\/cuple.com.ar\/ipna\/it\/wp-json\/wp\/v2\/pages\/6368"}],"collection":[{"href":"https:\/\/cuple.com.ar\/ipna\/it\/wp-json\/wp\/v2\/pages"}],"about":[{"href":"https:\/\/cuple.com.ar\/ipna\/it\/wp-json\/wp\/v2\/types\/page"}],"author":[{"embeddable":true,"href":"https:\/\/cuple.com.ar\/ipna\/it\/wp-json\/wp\/v2\/users\/1"}],"replies":[{"embeddable":true,"href":"https:\/\/cuple.com.ar\/ipna\/it\/wp-json\/wp\/v2\/comments?post=6368"}],"version-history":[{"count":10,"href":"https:\/\/cuple.com.ar\/ipna\/it\/wp-json\/wp\/v2\/pages\/6368\/revisions"}],"predecessor-version":[{"id":8358,"href":"https:\/\/cuple.com.ar\/ipna\/it\/wp-json\/wp\/v2\/pages\/6368\/revisions\/8358"}],"wp:attachment":[{"href":"https:\/\/cuple.com.ar\/ipna\/it\/wp-json\/wp\/v2\/media?parent=6368"}],"curies":[{"name":"wp","href":"https:\/\/api.w.org\/{rel}","templated":true}]}}