{"id":6344,"date":"2020-07-31T16:29:00","date_gmt":"2020-07-31T19:29:00","guid":{"rendered":"https:\/\/cuple.com.ar\/ipna\/?page_id=6344"},"modified":"2020-10-08T10:36:02","modified_gmt":"2020-10-08T13:36:02","slug":"actividades-culturales","status":"publish","type":"page","link":"https:\/\/cuple.com.ar\/ipna\/it\/actividades-culturales\/","title":{"rendered":"Attivita\u2019 Culturali"},"content":{"rendered":"<div data-elementor-type=\"wp-page\" data-elementor-id=\"6344\" class=\"elementor elementor-6344\" data-elementor-settings=\"[]\">\n\t\t\t\t\t\t<div class=\"elementor-inner\">\n\t\t\t\t\t\t\t<div class=\"elementor-section-wrap\">\n\t\t\t\t\t\t\t<section data-particle_enable=\"false\" data-particle-mobile-disabled=\"false\" class=\"elementor-section elementor-top-section elementor-element elementor-element-da70dfc elementor-section-boxed elementor-section-height-default elementor-section-height-default\" data-id=\"da70dfc\" data-element_type=\"section\">\n\t\t\t\t\t\t<div class=\"elementor-container elementor-column-gap-wider\">\n\t\t\t\t\t\t\t<div class=\"elementor-row\">\n\t\t\t\t\t<div class=\"elementor-column elementor-col-50 elementor-top-column elementor-element elementor-element-ffbd808\" data-id=\"ffbd808\" data-element_type=\"column\">\n\t\t\t<div class=\"elementor-column-wrap elementor-element-populated\">\n\t\t\t\t\t\t\t<div class=\"elementor-widget-wrap\">\n\t\t\t\t\t\t<div class=\"elementor-element elementor-element-01ad044 elementor-widget elementor-widget-text-editor\" data-id=\"01ad044\" data-element_type=\"widget\" data-widget_type=\"text-editor.default\">\n\t\t\t\t<div class=\"elementor-widget-container\">\n\t\t\t\t\t<div class=\"elementor-text-editor elementor-clearfix\"><p class=\"western translation-block\" align=\"justify\">Nel 1996 la Fondazione Ipna d\u00e0 il via alla sua area culturale con la realizzazione del primo incontro letterario nazionale \u201cCuentos para un futuro con esperanza\u201d, per stimolare e diffondere le creazioni letterarie dei bambini e delle bambine con disabilit\u00e0 cognitiva.<\/p>\n<p class=\"western translation-block\" align=\"justify\">Con questo stesso obbiettivo, si inaugur\u00f2 nel 2004 la Giornata del Disegno e della Pittura \u201c Pintando\u2026Suenos y Esperanzas\u201d, in collaborazione con il Club Sportivo River Plate\u201d, per la realizzazione di incontri con bambini, bambine e docenti della citt\u00e0 di Buenos Aires per incentivare l\u2019espressione artistica.<\/p>\n<p class=\"western\" align=\"justify\"><span>El prop\u00f3sito de estas acciones es generar espacios para dar voz y visibilidad a ni\u00f1os, j\u00f3venes y adultos con discapacidad intelectual, y estimular su potencial creativo como otra forma de reconocer su<strong> derecho a la participaci\u00f3n en la vida de su comunidad<\/strong>.<\/span><\/p><\/div>\n\t\t\t\t<\/div>\n\t\t\t\t<\/div>\n\t\t\t\t<section data-particle_enable=\"false\" data-particle-mobile-disabled=\"false\" class=\"elementor-section elementor-inner-section elementor-element elementor-element-d4d426a elementor-section-boxed elementor-section-height-default elementor-section-height-default\" data-id=\"d4d426a\" data-element_type=\"section\">\n\t\t\t\t\t\t<div class=\"elementor-container elementor-column-gap-default\">\n\t\t\t\t\t\t\t<div class=\"elementor-row\">\n\t\t\t\t\t<div class=\"elementor-column elementor-col-33 elementor-inner-column elementor-element elementor-element-944bca9\" data-id=\"944bca9\" data-element_type=\"column\">\n\t\t\t<div class=\"elementor-column-wrap elementor-element-populated\">\n\t\t\t\t\t\t\t<div class=\"elementor-widget-wrap\">\n\t\t\t\t\t\t<div class=\"elementor-element elementor-element-e179955 elementor-widget elementor-widget-image\" data-id=\"e179955\" data-element_type=\"widget\" data-widget_type=\"image.default\">\n\t\t\t\t<div class=\"elementor-widget-container\">\n\t\t\t\t\t<div class=\"elementor-image\">\n\t\t\t\t\t\t\t\t\t\t\t<a href=\"https:\/\/cuple.com.ar\/ipna\/wp-content\/uploads\/2020\/07\/actividades2.jpg\" data-elementor-open-lightbox=\"yes\">\n\t\t\t\t\t\t\t<img width=\"900\" height=\"675\" src=\"https:\/\/cuple.com.ar\/ipna\/wp-content\/uploads\/2020\/07\/actividades2.jpg\" class=\"elementor-animation-bob attachment-large size-large\" alt=\"\" loading=\"lazy\" srcset=\"https:\/\/cuple.com.ar\/ipna\/wp-content\/uploads\/2020\/07\/actividades2.jpg 900w, https:\/\/cuple.com.ar\/ipna\/wp-content\/uploads\/2020\/07\/actividades2-300x225.jpg 300w, https:\/\/cuple.com.ar\/ipna\/wp-content\/uploads\/2020\/07\/actividades2-768x576.jpg 768w, https:\/\/cuple.com.ar\/ipna\/wp-content\/uploads\/2020\/07\/actividades2-480x360.jpg 480w\" sizes=\"(max-width: 900px) 100vw, 900px\" title=\"\" \/>\t\t\t\t\t\t\t\t<\/a>\n\t\t\t\t\t\t\t\t\t\t\t<\/div>\n\t\t\t\t<\/div>\n\t\t\t\t<\/div>\n\t\t\t\t\t\t<\/div>\n\t\t\t\t\t<\/div>\n\t\t<\/div>\n\t\t\t\t<div class=\"elementor-column elementor-col-33 elementor-inner-column elementor-element elementor-element-da24dd3\" data-id=\"da24dd3\" data-element_type=\"column\">\n\t\t\t<div class=\"elementor-column-wrap elementor-element-populated\">\n\t\t\t\t\t\t\t<div class=\"elementor-widget-wrap\">\n\t\t\t\t\t\t<div class=\"elementor-element elementor-element-9807cda elementor-widget elementor-widget-image\" data-id=\"9807cda\" data-element_type=\"widget\" data-widget_type=\"image.default\">\n\t\t\t\t<div class=\"elementor-widget-container\">\n\t\t\t\t\t<div class=\"elementor-image\">\n\t\t\t\t\t\t\t\t\t\t\t<a href=\"https:\/\/cuple.com.ar\/ipna\/wp-content\/uploads\/2020\/07\/actividades.jpg\" data-elementor-open-lightbox=\"yes\">\n\t\t\t\t\t\t\t<img width=\"900\" height=\"675\" src=\"https:\/\/cuple.com.ar\/ipna\/wp-content\/uploads\/2020\/07\/actividades.jpg\" class=\"elementor-animation-bob attachment-large size-large\" alt=\"\" loading=\"lazy\" srcset=\"https:\/\/cuple.com.ar\/ipna\/wp-content\/uploads\/2020\/07\/actividades.jpg 900w, https:\/\/cuple.com.ar\/ipna\/wp-content\/uploads\/2020\/07\/actividades-300x225.jpg 300w, https:\/\/cuple.com.ar\/ipna\/wp-content\/uploads\/2020\/07\/actividades-768x576.jpg 768w, https:\/\/cuple.com.ar\/ipna\/wp-content\/uploads\/2020\/07\/actividades-480x360.jpg 480w\" sizes=\"(max-width: 900px) 100vw, 900px\" title=\"\" \/>\t\t\t\t\t\t\t\t<\/a>\n\t\t\t\t\t\t\t\t\t\t\t<\/div>\n\t\t\t\t<\/div>\n\t\t\t\t<\/div>\n\t\t\t\t\t\t<\/div>\n\t\t\t\t\t<\/div>\n\t\t<\/div>\n\t\t\t\t<div class=\"elementor-column elementor-col-33 elementor-inner-column elementor-element elementor-element-025960f\" data-id=\"025960f\" data-element_type=\"column\">\n\t\t\t<div class=\"elementor-column-wrap elementor-element-populated\">\n\t\t\t\t\t\t\t<div class=\"elementor-widget-wrap\">\n\t\t\t\t\t\t<div class=\"elementor-element elementor-element-4f2e4b8 elementor-widget elementor-widget-image\" data-id=\"4f2e4b8\" data-element_type=\"widget\" data-widget_type=\"image.default\">\n\t\t\t\t<div class=\"elementor-widget-container\">\n\t\t\t\t\t<div class=\"elementor-image\">\n\t\t\t\t\t\t\t\t\t\t\t<a href=\"https:\/\/cuple.com.ar\/ipna\/wp-content\/uploads\/2020\/08\/cul.jpg\" data-elementor-open-lightbox=\"yes\">\n\t\t\t\t\t\t\t<img width=\"900\" height=\"675\" src=\"https:\/\/cuple.com.ar\/ipna\/wp-content\/uploads\/2020\/08\/cul.jpg\" class=\"elementor-animation-bob attachment-large size-large\" alt=\"\" loading=\"lazy\" srcset=\"https:\/\/cuple.com.ar\/ipna\/wp-content\/uploads\/2020\/08\/cul.jpg 900w, https:\/\/cuple.com.ar\/ipna\/wp-content\/uploads\/2020\/08\/cul-300x225.jpg 300w, https:\/\/cuple.com.ar\/ipna\/wp-content\/uploads\/2020\/08\/cul-768x576.jpg 768w, https:\/\/cuple.com.ar\/ipna\/wp-content\/uploads\/2020\/08\/cul-480x360.jpg 480w\" sizes=\"(max-width: 900px) 100vw, 900px\" title=\"\" \/>\t\t\t\t\t\t\t\t<\/a>\n\t\t\t\t\t\t\t\t\t\t\t<\/div>\n\t\t\t\t<\/div>\n\t\t\t\t<\/div>\n\t\t\t\t\t\t<\/div>\n\t\t\t\t\t<\/div>\n\t\t<\/div>\n\t\t\t\t\t\t\t\t<\/div>\n\t\t\t\t\t<\/div>\n\t\t<\/section>\n\t\t\t\t\t\t<\/div>\n\t\t\t\t\t<\/div>\n\t\t<\/div>\n\t\t\t\t<div class=\"elementor-column elementor-col-50 elementor-top-column elementor-element elementor-element-95f651e\" data-id=\"95f651e\" data-element_type=\"column\">\n\t\t\t<div class=\"elementor-column-wrap elementor-element-populated\">\n\t\t\t\t\t\t\t<div class=\"elementor-widget-wrap\">\n\t\t\t\t\t\t<div class=\"elementor-element elementor-element-23d12e9 elementor-aspect-ratio-169 elementor-widget elementor-widget-video\" data-id=\"23d12e9\" data-element_type=\"widget\" data-settings=\"{&quot;aspect_ratio&quot;:&quot;169&quot;}\" data-widget_type=\"video.default\">\n\t\t\t\t<div class=\"elementor-widget-container\">\n\t\t\t\t\t<div class=\"elementor-wrapper elementor-fit-aspect-ratio elementor-open-inline\">\n\t\t\t<iframe class=\"elementor-video-iframe\" allowfullscreen title=\"youtube Video Player\" src=\"https:\/\/www.youtube.com\/embed\/2lzm4cbemDc?feature=oembed&start&end&wmode=opaque&loop=0&controls=1&mute=0&rel=0&modestbranding=0\"><\/iframe>\t\t<\/div>\n\t\t\t\t<\/div>\n\t\t\t\t<\/div>\n\t\t\t\t\t\t<\/div>\n\t\t\t\t\t<\/div>\n\t\t<\/div>\n\t\t\t\t\t\t\t\t<\/div>\n\t\t\t\t\t<\/div>\n\t\t<\/section>\n\t\t\t\t\t\t<\/div>\n\t\t\t\t\t\t<\/div>\n\t\t\t\t\t<\/div>","protected":false},"excerpt":{"rendered":"<p>En 1996 la Fundaci\u00f3n IPNA inici\u00f3 su \u00e1rea cultural con la realizaci\u00f3n del Primer Encuentro Nacional Literario&nbsp;\u201cCuentos para un futuro con esperanza\u201d, para estimular y difundir las creaciones literarias de ni\u00f1os y ni\u00f1as con discapacidad&nbsp;intelectual de escuelas y organizaciones de todo el pa\u00eds. Con estos mismos objetivos, se iniciaron en 2004 las Jornadas de Dibujo [&hellip;]<\/p>","protected":false},"author":1,"featured_media":0,"parent":0,"menu_order":0,"comment_status":"closed","ping_status":"closed","template":"","meta":[],"_links":{"self":[{"href":"https:\/\/cuple.com.ar\/ipna\/it\/wp-json\/wp\/v2\/pages\/6344"}],"collection":[{"href":"https:\/\/cuple.com.ar\/ipna\/it\/wp-json\/wp\/v2\/pages"}],"about":[{"href":"https:\/\/cuple.com.ar\/ipna\/it\/wp-json\/wp\/v2\/types\/page"}],"author":[{"embeddable":true,"href":"https:\/\/cuple.com.ar\/ipna\/it\/wp-json\/wp\/v2\/users\/1"}],"replies":[{"embeddable":true,"href":"https:\/\/cuple.com.ar\/ipna\/it\/wp-json\/wp\/v2\/comments?post=6344"}],"version-history":[{"count":10,"href":"https:\/\/cuple.com.ar\/ipna\/it\/wp-json\/wp\/v2\/pages\/6344\/revisions"}],"predecessor-version":[{"id":8305,"href":"https:\/\/cuple.com.ar\/ipna\/it\/wp-json\/wp\/v2\/pages\/6344\/revisions\/8305"}],"wp:attachment":[{"href":"https:\/\/cuple.com.ar\/ipna\/it\/wp-json\/wp\/v2\/media?parent=6344"}],"curies":[{"name":"wp","href":"https:\/\/api.w.org\/{rel}","templated":true}]}}