{"id":6393,"date":"2020-07-31T20:11:45","date_gmt":"2020-07-31T23:11:45","guid":{"rendered":"https:\/\/cuple.com.ar\/ipna\/?page_id=6393"},"modified":"2020-10-11T16:36:24","modified_gmt":"2020-10-11T19:36:24","slug":"pensiones-no-contributivas","status":"publish","type":"page","link":"https:\/\/cuple.com.ar\/ipna\/en\/pensiones-no-contributivas\/","title":{"rendered":"Non-contributory pension"},"content":{"rendered":"<div data-elementor-type=\"wp-page\" data-elementor-id=\"6393\" class=\"elementor elementor-6393\" data-elementor-settings=\"[]\">\n\t\t\t\t\t\t<div class=\"elementor-inner\">\n\t\t\t\t\t\t\t<div class=\"elementor-section-wrap\">\n\t\t\t\t\t\t\t<section data-particle_enable=\"false\" data-particle-mobile-disabled=\"false\" class=\"elementor-section elementor-top-section elementor-element elementor-element-8d693fc elementor-section-boxed elementor-section-height-default elementor-section-height-default\" data-id=\"8d693fc\" data-element_type=\"section\">\n\t\t\t\t\t\t<div class=\"elementor-container elementor-column-gap-wider\">\n\t\t\t\t\t\t\t<div class=\"elementor-row\">\n\t\t\t\t\t<div class=\"elementor-column elementor-col-50 elementor-top-column elementor-element elementor-element-92c40a3\" data-id=\"92c40a3\" data-element_type=\"column\">\n\t\t\t<div class=\"elementor-column-wrap elementor-element-populated\">\n\t\t\t\t\t\t\t<div class=\"elementor-widget-wrap\">\n\t\t\t\t\t\t<div class=\"elementor-element-custom_font_family elementor-element-custom_font_weight elementor-element elementor-element-9431eb1 elementor-widget elementor-widget-text-editor\" data-id=\"9431eb1\" data-element_type=\"widget\" data-widget_type=\"text-editor.default\">\n\t\t\t\t<div class=\"elementor-widget-container\">\n\t\t\t\t\t<div class=\"elementor-text-editor elementor-clearfix\"><p class=\"western\" align=\"justify\"><span>This is a state pension granted to individuals who have not held a regular job and have not made any contributions to the social security (retirement) system. Those entitled to this pension are people with 76% impairment, mothers of seven children or more and people age seventy and up with no income.<\/span><\/p><p class=\"western\" align=\"justify\"><span>It cannot be combined with other types of pensions and\/or allowances, that is, people with a non-contributory pension cannot receive another pension or social security in addition to the non-contributory pension. Beneficiaries will receive the pension for life, provided they continue to qualify.<\/span><\/p><p class=\"western\" align=\"justify\">A partir de los 18 a\u00f1os, la persona con discapacidad que ya recib\u00eda una pensi\u00f3n no contributiva a trav\u00e9s de sus padres o responsables, pasar\u00e1 a ser titular de ese derecho y a cobrarla directamente a su nombre. Si no ten\u00eda esta pensi\u00f3n y a partir de ese momento la quiere solicitar podr\u00e1 hacerlo mediante una presentaci\u00f3n ante el organismo correspondiente, contando con todos los apoyos necesarios que le permitan realizar el tr\u00e1mite en las condiciones adecuadas. (Resoluci\u00f3n ANDIS 93\/2020) <\/p><\/div>\n\t\t\t\t<\/div>\n\t\t\t\t<\/div>\n\t\t\t\t<div class=\"elementor-element elementor-element-a779f4c elementor-widget elementor-widget-spacer\" data-id=\"a779f4c\" data-element_type=\"widget\" data-widget_type=\"spacer.default\">\n\t\t\t\t<div class=\"elementor-widget-container\">\n\t\t\t\t\t<div class=\"elementor-spacer\">\n\t\t\t<div class=\"elementor-spacer-inner\"><\/div>\n\t\t<\/div>\n\t\t\t\t<\/div>\n\t\t\t\t<\/div>\n\t\t\t\t<div class=\"elementor-element-custom_font_size elementor-element-custom_font_family elementor-element-custom_font_weight elementor-element-custom_color elementor-element elementor-element-e2c91ff elementor-widget elementor-widget-text-editor\" data-id=\"e2c91ff\" data-element_type=\"widget\" data-widget_type=\"text-editor.default\">\n\t\t\t\t<div class=\"elementor-widget-container\">\n\t\t\t\t\t<div class=\"elementor-text-editor elementor-clearfix\"><p>How to process the pension?<\/p><\/div>\n\t\t\t\t<\/div>\n\t\t\t\t<\/div>\n\t\t\t\t<div class=\"elementor-element elementor-element-b2eb787 elementor-widget elementor-widget-spacer\" data-id=\"b2eb787\" data-element_type=\"widget\" data-widget_type=\"spacer.default\">\n\t\t\t\t<div class=\"elementor-widget-container\">\n\t\t\t\t\t<div class=\"elementor-spacer\">\n\t\t\t<div class=\"elementor-spacer-inner\"><\/div>\n\t\t<\/div>\n\t\t\t\t<\/div>\n\t\t\t\t<\/div>\n\t\t\t\t<div class=\"elementor-element-custom_font_family elementor-element-custom_font_weight elementor-element elementor-element-ec84c05 elementor-widget elementor-widget-text-editor\" data-id=\"ec84c05\" data-element_type=\"widget\" data-widget_type=\"text-editor.default\">\n\t\t\t\t<div class=\"elementor-widget-container\">\n\t\t\t\t\t<div class=\"elementor-text-editor elementor-clearfix\"><p>Para solicitar la Pensi\u00f3n No Contributiva (PNC) hay que tramitar el Certificado M\u00e9dico Oficial (CMO) en el Hospital P\u00fablico o Centro de Salud m\u00e1s cercano al domicilio del\/la titular y luego solicitar un turno en la p\u00e1gina de ANSES: <a href=\"http:\/\/www.argentina.gob.ar\/anses\">www.argentina.gob.ar\/anses<\/a><\/p><p><strong>Todos los tr\u00e1mites son gratuitos. No se necesita gestor.<\/strong><\/p><\/div>\n\t\t\t\t<\/div>\n\t\t\t\t<\/div>\n\t\t\t\t\t\t<\/div>\n\t\t\t\t\t<\/div>\n\t\t<\/div>\n\t\t\t\t<div class=\"elementor-column elementor-col-50 elementor-top-column elementor-element elementor-element-2896768\" data-id=\"2896768\" data-element_type=\"column\">\n\t\t\t<div class=\"elementor-column-wrap elementor-element-populated\">\n\t\t\t\t\t\t\t<div class=\"elementor-widget-wrap\">\n\t\t\t\t\t\t<div class=\"elementor-element elementor-element-4a307ed elementor-aspect-ratio-169 elementor-widget elementor-widget-video\" data-id=\"4a307ed\" data-element_type=\"widget\" data-settings=\"{&quot;aspect_ratio&quot;:&quot;169&quot;}\" data-widget_type=\"video.default\">\n\t\t\t\t<div class=\"elementor-widget-container\">\n\t\t\t\t\t<div class=\"elementor-wrapper elementor-fit-aspect-ratio elementor-open-inline\">\n\t\t\t<iframe class=\"elementor-video-iframe\" allowfullscreen title=\"youtube Video Player\" src=\"https:\/\/www.youtube.com\/embed\/2lzm4cbemDc?feature=oembed&start&end&wmode=opaque&loop=0&controls=1&mute=0&rel=0&modestbranding=0\"><\/iframe>\t\t<\/div>\n\t\t\t\t<\/div>\n\t\t\t\t<\/div>\n\t\t\t\t\t\t<\/div>\n\t\t\t\t\t<\/div>\n\t\t<\/div>\n\t\t\t\t\t\t\t\t<\/div>\n\t\t\t\t\t<\/div>\n\t\t<\/section>\n\t\t\t\t\t\t<\/div>\n\t\t\t\t\t\t<\/div>\n\t\t\t\t\t<\/div>","protected":false},"excerpt":{"rendered":"<p>Estas pensiones son un Derecho otorgado por el Estado nacional a quienes no tengan un trabajo en relaci\u00f3n de dependencia y no hayan aportado al sistema previsional (de jubilaci\u00f3n). Los titulares pueden ser personas con 76% de invalidez, madres de siete o m\u00e1s hijos y personas mayores de 70 a\u00f1os sin ingresos. Son incompatibles con [&hellip;]<\/p>","protected":false},"author":1,"featured_media":0,"parent":0,"menu_order":0,"comment_status":"closed","ping_status":"closed","template":"","meta":[],"_links":{"self":[{"href":"https:\/\/cuple.com.ar\/ipna\/en\/wp-json\/wp\/v2\/pages\/6393"}],"collection":[{"href":"https:\/\/cuple.com.ar\/ipna\/en\/wp-json\/wp\/v2\/pages"}],"about":[{"href":"https:\/\/cuple.com.ar\/ipna\/en\/wp-json\/wp\/v2\/types\/page"}],"author":[{"embeddable":true,"href":"https:\/\/cuple.com.ar\/ipna\/en\/wp-json\/wp\/v2\/users\/1"}],"replies":[{"embeddable":true,"href":"https:\/\/cuple.com.ar\/ipna\/en\/wp-json\/wp\/v2\/comments?post=6393"}],"version-history":[{"count":12,"href":"https:\/\/cuple.com.ar\/ipna\/en\/wp-json\/wp\/v2\/pages\/6393\/revisions"}],"predecessor-version":[{"id":8355,"href":"https:\/\/cuple.com.ar\/ipna\/en\/wp-json\/wp\/v2\/pages\/6393\/revisions\/8355"}],"wp:attachment":[{"href":"https:\/\/cuple.com.ar\/ipna\/en\/wp-json\/wp\/v2\/media?parent=6393"}],"curies":[{"name":"wp","href":"https:\/\/api.w.org\/{rel}","templated":true}]}}