{"id":6252,"date":"2020-07-31T01:27:46","date_gmt":"2020-07-31T04:27:46","guid":{"rendered":"https:\/\/cuple.com.ar\/ipna\/?page_id=6252"},"modified":"2020-08-19T17:15:36","modified_gmt":"2020-08-19T20:15:36","slug":"nuestra-historia","status":"publish","type":"page","link":"https:\/\/cuple.com.ar\/ipna\/en\/nuestra-historia\/","title":{"rendered":"Our History"},"content":{"rendered":"<div data-elementor-type=\"wp-page\" data-elementor-id=\"6252\" class=\"elementor elementor-6252\" data-elementor-settings=\"[]\">\n\t\t\t\t\t\t<div class=\"elementor-inner\">\n\t\t\t\t\t\t\t<div class=\"elementor-section-wrap\">\n\t\t\t\t\t\t\t<section data-particle_enable=\"false\" data-particle-mobile-disabled=\"false\" class=\"elementor-section elementor-top-section elementor-element elementor-element-e45aa95 elementor-section-boxed elementor-section-height-default elementor-section-height-default\" data-id=\"e45aa95\" data-element_type=\"section\">\n\t\t\t\t\t\t<div class=\"elementor-container elementor-column-gap-wider\">\n\t\t\t\t\t\t\t<div class=\"elementor-row\">\n\t\t\t\t\t<div class=\"elementor-column elementor-col-50 elementor-top-column elementor-element elementor-element-1313d30\" data-id=\"1313d30\" data-element_type=\"column\">\n\t\t\t<div class=\"elementor-column-wrap elementor-element-populated\">\n\t\t\t\t\t\t\t<div class=\"elementor-widget-wrap\">\n\t\t\t\t\t\t<div class=\"elementor-element elementor-element-facf452 vertical_style-1 elementor-widget elementor-widget-gt3-core-processbar\" data-id=\"facf452\" data-element_type=\"widget\" data-widget_type=\"gt3-core-processbar.default\">\n\t\t\t\t<div class=\"elementor-widget-container\">\n\t\t\t<div class=\"gt3_process_bar_container row gt3_process_bar_container--type-vertical\"><div class=\"gt3_process_item span12 elementor-repeater-item-1dd2555\"><div class=\"gt3_process_item__number\">1988<\/div><div class=\"gt3_process_item__circle_wrapp\">\n\t\t\t<div class=\"gt3_process_item__circle_line_before\"><\/div>\n\t\t\t<div class=\"gt3_process_item__circle gt3_process_item__circle--size_normal\"><\/div>\n\t\t\t<div class=\"gt3_process_item__circle_line_after\"><\/div>\n\t\t\t<\/div><div class=\"gt3_process_item__content\"><div class=\"gt3_process_item__content_wrapper\"><div class=\"gt3_process_item__heading\"><h3>IPNA is founded<\/h3><\/div><div class=\"gt3_process_item__description\">A group of individuals with a range of personal and professional experiences come together to improve the quality of life of children with disabilities. The first IPNA office opens in the Buenos Aires neighborhood of Caballito in order to provide educational programs and therapy services for children with intellectual disabilities.<\/div><\/div><\/div><\/div><div class=\"gt3_process_item span12 elementor-repeater-item-2127e59\"><div class=\"gt3_process_item__number\">1995<\/div><div class=\"gt3_process_item__circle_wrapp\">\n\t\t\t<div class=\"gt3_process_item__circle_line_before\"><\/div>\n\t\t\t<div class=\"gt3_process_item__circle gt3_process_item__circle--size_mini\"><\/div>\n\t\t\t<div class=\"gt3_process_item__circle_line_after\"><\/div>\n\t\t\t<\/div><div class=\"gt3_process_item__content\"><div class=\"gt3_process_item__content_wrapper\"><div class=\"gt3_process_item__heading\"><h3>First Rights for the Disabled Program<\/h3><\/div><div class=\"gt3_process_item__description\">The institution opens its doors to the community with Programs Promoting Rights for the Disabled and Primary Healthcare. The programs are offered to different groups and civil society organizations.<\/div><\/div><\/div><\/div><div class=\"gt3_process_item span12 elementor-repeater-item-7680693\"><div class=\"gt3_process_item__number\">1996<\/div><div class=\"gt3_process_item__circle_wrapp\">\n\t\t\t<div class=\"gt3_process_item__circle_line_before\"><\/div>\n\t\t\t<div class=\"gt3_process_item__circle gt3_process_item__circle--size_mini\"><\/div>\n\t\t\t<div class=\"gt3_process_item__circle_line_after\"><\/div>\n\t\t\t<\/div><div class=\"gt3_process_item__content\"><div class=\"gt3_process_item__content_wrapper\"><div class=\"gt3_process_item__heading\"><h3>First cultural project<\/h3><\/div><div class=\"gt3_process_item__description\">IPNA organizes its first literary event, \u201cStories for a Future with Hope.\u201d This is the first event organized by the institute\u2019s Cultural Department, whose main objective is to give a voice and visibility to children with disabilities through different programs that promote creative expression.<\/div><\/div><\/div><\/div><div class=\"gt3_process_item span12 elementor-repeater-item-29e0a99\"><div class=\"gt3_process_item__number\">2000<\/div><div class=\"gt3_process_item__circle_wrapp\">\n\t\t\t<div class=\"gt3_process_item__circle_line_before\"><\/div>\n\t\t\t<div class=\"gt3_process_item__circle gt3_process_item__circle--size_mini\"><\/div>\n\t\t\t<div class=\"gt3_process_item__circle_line_after\"><\/div>\n\t\t\t<\/div><div class=\"gt3_process_item__content\"><div class=\"gt3_process_item__content_wrapper\"><div class=\"gt3_process_item__heading\"><h3>New office opens in Ca\u00f1uelas<\/h3><\/div><div class=\"gt3_process_item__description\">A new building is erected on seventeen acres outside the city of Buenos Aires. The office is especially designed and equipped for people with disabilities. Here IPNA provides work training programs in gardening and plant production for young people with intellectual disabilities living in different towns in the Ca\u00f1uelas district.<\/div><\/div><\/div><\/div><div class=\"gt3_process_item span12 elementor-repeater-item-50cdc47\"><div class=\"gt3_process_item__number\">2002<\/div><div class=\"gt3_process_item__circle_wrapp\">\n\t\t\t<div class=\"gt3_process_item__circle_line_before\"><\/div>\n\t\t\t<div class=\"gt3_process_item__circle gt3_process_item__circle--size_mini\"><\/div>\n\t\t\t<div class=\"gt3_process_item__circle_line_after\"><\/div>\n\t\t\t<\/div><div class=\"gt3_process_item__content\"><div class=\"gt3_process_item__content_wrapper\"><div class=\"gt3_process_item__heading\"><h3>Community Training Programs begin<\/h3><\/div><div class=\"gt3_process_item__description\">Thanks to strong ties to the town of Alejandro Peti\u00f3n, training programs were organized for local families to help them grow family gardens, thus contributing to their household economy and ensuring they eat high-quality organic produce.<\/div><\/div><\/div><\/div><div class=\"gt3_process_item span12 elementor-repeater-item-611f891\"><div class=\"gt3_process_item__number\">2010<\/div><div class=\"gt3_process_item__circle_wrapp\">\n\t\t\t<div class=\"gt3_process_item__circle_line_before\"><\/div>\n\t\t\t<div class=\"gt3_process_item__circle gt3_process_item__circle--size_e_large\"><\/div>\n\t\t\t<div class=\"gt3_process_item__circle_line_after\"><\/div>\n\t\t\t<\/div><div class=\"gt3_process_item__content\"><div class=\"gt3_process_item__content_wrapper\"><div class=\"gt3_process_item__heading\"><h3>The Day Center opens its doors<\/h3><\/div><div class=\"gt3_process_item__description\">The Day Center in the town of Alejandro Peti\u00f3n is inaugurated. This center offers vocational training, recreation and integration activities for young people with disabilities and has forged strong ties with the local community.<\/div><\/div><\/div><\/div><div class=\"gt3_process_item span12 elementor-repeater-item-49d909d\"><div class=\"gt3_process_item__number\">2013<\/div><div class=\"gt3_process_item__circle_wrapp\">\n\t\t\t<div class=\"gt3_process_item__circle_line_before\"><\/div>\n\t\t\t<div class=\"gt3_process_item__circle gt3_process_item__circle--size_mini\"><\/div>\n\t\t\t<div class=\"gt3_process_item__circle_line_after\"><\/div>\n\t\t\t<\/div><div class=\"gt3_process_item__content\"><div class=\"gt3_process_item__content_wrapper\"><div class=\"gt3_process_item__heading\"><h3>Job Training Center<\/h3><\/div><div class=\"gt3_process_item__description\">Thanks to a donation by the Japanese Embassy, a Job Training Center is built at IPNA\u2019s main office in Ca\u00f1uelas. This center provides vocational training and microenterprise programs for youth with disabilities.<\/div><\/div><\/div><\/div><div class=\"gt3_process_item span12 elementor-repeater-item-e1cc60f\"><div class=\"gt3_process_item__number\">2014<\/div><div class=\"gt3_process_item__circle_wrapp\">\n\t\t\t<div class=\"gt3_process_item__circle_line_before\"><\/div>\n\t\t\t<div class=\"gt3_process_item__circle gt3_process_item__circle--size_mini\"><\/div>\n\t\t\t<div class=\"gt3_process_item__circle_line_after\"><\/div>\n\t\t\t<\/div><div class=\"gt3_process_item__content\"><div class=\"gt3_process_item__content_wrapper\"><div class=\"gt3_process_item__heading\"><h3>Rights for the Disabled Program in other provinces<\/h3><\/div><div class=\"gt3_process_item__description\">The institution expands its programs to promote the rights of people with disabilities to other provinces with the support of UNICEF. Projects target different communities, expert teams and local protection services.<\/div><\/div><\/div><\/div><\/div>\t\t<\/div>\n\t\t\t\t<\/div>\n\t\t\t\t\t\t<\/div>\n\t\t\t\t\t<\/div>\n\t\t<\/div>\n\t\t\t\t<div class=\"elementor-column elementor-col-50 elementor-top-column elementor-element elementor-element-f7c32b0\" data-id=\"f7c32b0\" data-element_type=\"column\">\n\t\t\t<div class=\"elementor-column-wrap elementor-element-populated\">\n\t\t\t\t\t\t\t<div class=\"elementor-widget-wrap\">\n\t\t\t\t\t\t<div class=\"elementor-element elementor-element-a1c87d6 elementor-aspect-ratio-169 elementor-widget elementor-widget-video\" data-id=\"a1c87d6\" data-element_type=\"widget\" data-settings=\"{&quot;aspect_ratio&quot;:&quot;169&quot;}\" data-widget_type=\"video.default\">\n\t\t\t\t<div class=\"elementor-widget-container\">\n\t\t\t\t\t<div class=\"elementor-wrapper elementor-fit-aspect-ratio elementor-open-inline\">\n\t\t\t<iframe class=\"elementor-video-iframe\" allowfullscreen title=\"youtube Video Player\" src=\"https:\/\/www.youtube.com\/embed\/2lzm4cbemDc?feature=oembed&start&end&wmode=opaque&loop=0&controls=1&mute=0&rel=0&modestbranding=0\"><\/iframe>\t\t<\/div>\n\t\t\t\t<\/div>\n\t\t\t\t<\/div>\n\t\t\t\t\t\t<\/div>\n\t\t\t\t\t<\/div>\n\t\t<\/div>\n\t\t\t\t\t\t\t\t<\/div>\n\t\t\t\t\t<\/div>\n\t\t<\/section>\n\t\t\t\t\t\t<\/div>\n\t\t\t\t\t\t<\/div>\n\t\t\t\t\t<\/div>","protected":false},"excerpt":{"rendered":"<p>1988 Fundaci\u00f3n A partir de vivencias personales y experiencias profesionales de un grupo de personas interesadas en trabajar para mejorar las condiciones de vida de los ni\u00f1os con discapacidad, se inaugura la sede de la instituci\u00f3n en el barrio de Caballito con el prop\u00f3sito de brindar servicios y prestaciones educativas y terap\u00e9uticas a ni\u00f1os y [&hellip;]<\/p>","protected":false},"author":1,"featured_media":0,"parent":0,"menu_order":0,"comment_status":"closed","ping_status":"closed","template":"","meta":[],"_links":{"self":[{"href":"https:\/\/cuple.com.ar\/ipna\/en\/wp-json\/wp\/v2\/pages\/6252"}],"collection":[{"href":"https:\/\/cuple.com.ar\/ipna\/en\/wp-json\/wp\/v2\/pages"}],"about":[{"href":"https:\/\/cuple.com.ar\/ipna\/en\/wp-json\/wp\/v2\/types\/page"}],"author":[{"embeddable":true,"href":"https:\/\/cuple.com.ar\/ipna\/en\/wp-json\/wp\/v2\/users\/1"}],"replies":[{"embeddable":true,"href":"https:\/\/cuple.com.ar\/ipna\/en\/wp-json\/wp\/v2\/comments?post=6252"}],"version-history":[{"count":17,"href":"https:\/\/cuple.com.ar\/ipna\/en\/wp-json\/wp\/v2\/pages\/6252\/revisions"}],"predecessor-version":[{"id":6901,"href":"https:\/\/cuple.com.ar\/ipna\/en\/wp-json\/wp\/v2\/pages\/6252\/revisions\/6901"}],"wp:attachment":[{"href":"https:\/\/cuple.com.ar\/ipna\/en\/wp-json\/wp\/v2\/media?parent=6252"}],"curies":[{"name":"wp","href":"https:\/\/api.w.org\/{rel}","templated":true}]}}